{"id":1154,"date":"2022-11-22T10:56:04","date_gmt":"2022-11-22T10:56:04","guid":{"rendered":"https:\/\/rive-petite-venise.com\/produit\/reserva-apartamento-2a-planta\/"},"modified":"2023-03-14T10:04:27","modified_gmt":"2023-03-14T10:04:27","slug":"reserva-apartamento-2a-planta","status":"publish","type":"product","link":"https:\/\/rive-petite-venise.com\/es\/producto\/reserva-apartamento-2a-planta\/","title":{"rendered":"Reserva Apartamento 2\u00aa planta"},"content":{"rendered":"<p>[et_pb_section fb_built=\u00bb1&#8243; admin_label=\u00bbsection\u00bb _builder_version=\u00bb4.16&#8243; global_colors_info=\u00bb{}\u00bb][et_pb_row admin_label=\u00bbrow\u00bb _builder_version=\u00bb4.16&#8243; background_size=\u00bbinitial\u00bb background_position=\u00bbtop_left\u00bb background_repeat=\u00bbrepeat\u00bb global_colors_info=\u00bb{}\u00bb][et_pb_column type=\u00bb4_4&#8243; _builder_version=\u00bb4.16&#8243; custom_padding=\u00bb|||\u00bb global_colors_info=\u00bb{}\u00bb custom_padding__hover=\u00bb|||\u00bb][\/et_pb_column][\/et_pb_row][\/et_pb_section]<\/p>\n","protected":false},"excerpt":{"rendered":"","protected":false},"featured_media":1427,"comment_status":"open","ping_status":"closed","template":"","meta":{"_et_pb_use_builder":"on","_et_pb_old_content":"La vivienda\r\nLa casa est\u00e1 cuidadosamente decorada y amueblada. Ropa de cama de calidad (no se proporciona la ropa de cama), 3 ba\u00f1os, uno con ducha y ba\u00f1era, sala de estar con sal\u00f3n, comedor y cocina totalmente equipada, gran placa de inducci\u00f3n, nevera xxl, lavavajillas, grifos de cerveza... Mesa extensible de 10 a 18 personas. En otra ala de la casa, una peque\u00f1a sala de estar, con un segundo televisor y juegos, ser\u00e1 apreciada por los ni\u00f1os. El exterior est\u00e1 muy bien equipado, cocina de verano cubierta con nevera, fregadero y plancha, barbacoa, tumbonas, sillones, pista de petanca, ducha solar. Zona infantil con columpio.\r\nOtras observaciones:\r\nLa limpieza debe realizarse al final de la estancia. Ofrecemos un servicio de limpieza no incluido en el precio b\u00e1sico por un suplemento de 200\u20ac a reservar con 1 mes de antelaci\u00f3n.\r\n\r\nNo se proporciona la ropa de cama. Proporcionamos edredones y almohadas, pero tendr\u00e1s que traer tus propias s\u00e1banas, o funda n\u00f3rdica, s\u00e1banas bajeras y fundas de almohada.\r\n\r\nNo se admiten animales.","_et_gb_content_width":""},"product_brand":[],"product_cat":[40],"product_tag":[],"class_list":{"0":"post-1154","1":"product","2":"type-product","3":"status-publish","4":"has-post-thumbnail","6":"product_cat-no-clasificado","8":"first","9":"instock","10":"virtual","11":"sold-individually","12":"taxable","13":"purchasable","14":"product-type-simple"},"aioseo_notices":[],"jetpack_sharing_enabled":true,"_links":{"self":[{"href":"https:\/\/rive-petite-venise.com\/es\/wp-json\/wp\/v2\/product\/1154","targetHints":{"allow":["GET"]}}],"collection":[{"href":"https:\/\/rive-petite-venise.com\/es\/wp-json\/wp\/v2\/product"}],"about":[{"href":"https:\/\/rive-petite-venise.com\/es\/wp-json\/wp\/v2\/types\/product"}],"replies":[{"embeddable":true,"href":"https:\/\/rive-petite-venise.com\/es\/wp-json\/wp\/v2\/comments?post=1154"}],"wp:featuredmedia":[{"embeddable":true,"href":"https:\/\/rive-petite-venise.com\/es\/wp-json\/wp\/v2\/media\/1427"}],"wp:attachment":[{"href":"https:\/\/rive-petite-venise.com\/es\/wp-json\/wp\/v2\/media?parent=1154"}],"wp:term":[{"taxonomy":"product_brand","embeddable":true,"href":"https:\/\/rive-petite-venise.com\/es\/wp-json\/wp\/v2\/product_brand?post=1154"},{"taxonomy":"product_cat","embeddable":true,"href":"https:\/\/rive-petite-venise.com\/es\/wp-json\/wp\/v2\/product_cat?post=1154"},{"taxonomy":"product_tag","embeddable":true,"href":"https:\/\/rive-petite-venise.com\/es\/wp-json\/wp\/v2\/product_tag?post=1154"}],"curies":[{"name":"wp","href":"https:\/\/api.w.org\/{rel}","templated":true}]}}