{"id":2504,"date":"2023-05-19T08:48:40","date_gmt":"2023-05-19T08:48:40","guid":{"rendered":"https:\/\/rive-petite-venise.com\/?page_id=2504"},"modified":"2023-07-17T15:34:07","modified_gmt":"2023-07-17T15:34:07","slug":"nuestras-ofertas","status":"publish","type":"page","link":"https:\/\/rive-petite-venise.com\/es\/nuestras-ofertas\/","title":{"rendered":"Nuestras ofertas"},"content":{"rendered":"<p>[et_pb_section fb_built=\u00bb1&#8243; admin_label=\u00bbHeader\u00bb _builder_version=\u00bb4.21.0&#8243; use_background_color_gradient=\u00bbon\u00bb background_color_gradient_type=\u00bbcircular\u00bb background_color_gradient_direction_radial=\u00bbtop left\u00bb background_color_gradient_stops=\u00bbrgba(255,255,255,0.89) 30%|rgba(255,255,255,0) 80%\u00bb background_color_gradient_start=\u00bbrgba(255,255,255,0.89)\u00bb background_color_gradient_start_position=\u00bb30%\u00bb background_color_gradient_end=\u00bbrgba(255,255,255,0)\u00bb background_color_gradient_end_position=\u00bb80%\u00bb background_image=\u00bbhttps:\/\/rive-petite-venise.com\/wp-content\/uploads\/2023\/03\/3-@_DSC4322bis.jpg\u00bb custom_margin=\u00bb|||\u00bb custom_padding=\u00bb8vw|0px|0|0px|false|false\u00bb da_disable_devices=\u00bboff|off|off\u00bb locked=\u00bboff\u00bb global_colors_info=\u00bb{}\u00bb da_is_popup=\u00bboff\u00bb da_exit_intent=\u00bboff\u00bb da_has_close=\u00bbon\u00bb da_alt_close=\u00bboff\u00bb da_dark_close=\u00bboff\u00bb da_not_modal=\u00bbon\u00bb da_is_singular=\u00bboff\u00bb da_with_loader=\u00bboff\u00bb da_has_shadow=\u00bbon\u00bb][et_pb_row column_structure=\u00bb3_4,1_4&#8243; _builder_version=\u00bb4.16&#8243; global_colors_info=\u00bb{}\u00bb][et_pb_column type=\u00bb3_4&#8243; _builder_version=\u00bb4.16&#8243; custom_padding=\u00bb|||\u00bb global_colors_info=\u00bb{}\u00bb custom_padding__hover=\u00bb|||\u00bb][et_pb_button button_url=\u00bbhttps:\/\/secure.reservit.com\/fo\/booking\/2\/446704\/availability?specialMode=default&amp;langcode=FR&amp;__utmz=128918670.1658822727.1.1.utmcsr%3D(direct)%7Cutmccn%3D(direct)%7Cutmcmd%3D(none)&amp;custid=2&amp;_ga=GA1.3.489122673.1658822161&amp;__utmb=1.4.10.1658845967&amp;hotelid=439423&amp;__utmc=1&amp;m=booking&amp;__utma=128918670.489122673.1658822161.1658827099.1658842772.4&#8243; url_new_window=\u00bbon\u00bb button_text=\u00bbReservar una estancia\u00bb button_alignment=\u00bbcenter\u00bb _builder_version=\u00bb4.21.0&#8243; _module_preset=\u00bbdefault\u00bb custom_button=\u00bbon\u00bb button_text_color=\u00bb#FFFFFF\u00bb button_bg_color=\u00bb#333333&#8243; button_border_color=\u00bbRGBA(255,255,255,0)\u00bb global_colors_info=\u00bb{}\u00bb][\/et_pb_button][\/et_pb_column][et_pb_column type=\u00bb1_4&#8243; _builder_version=\u00bb4.16&#8243; custom_padding=\u00bb|||\u00bb global_colors_info=\u00bb{}\u00bb custom_padding__hover=\u00bb|||\u00bb][\/et_pb_column][\/et_pb_row][et_pb_row column_structure=\u00bb1_4,1_4,1_4,1_4&#8243; use_custom_gutter=\u00bbon\u00bb gutter_width=\u00bb2&#8243; make_equal=\u00bbon\u00bb custom_padding_last_edited=\u00bboff|phone\u00bb _builder_version=\u00bb4.19.0&#8243; background_color=\u00bb#ffffff\u00bb width=\u00bb90%\u00bb width_tablet=\u00bb90%\u00bb width_phone=\u00bb53%\u00bb width_last_edited=\u00bbon|phone\u00bb max_width=\u00bb90%\u00bb module_alignment=\u00bbleft\u00bb custom_margin=\u00bb8vw||||false\u00bb custom_padding=\u00bb30px|40px|30px|15vw|true|false\u00bb custom_padding_tablet=\u00bb|||10vw\u00bb animation_style=\u00bbslide\u00bb animation_direction=\u00bbleft\u00bb animation_intensity_slide=\u00bb5%\u00bb use_custom_width=\u00bbon\u00bb width_unit=\u00bboff\u00bb custom_width_percent=\u00bb90%\u00bb locked=\u00bboff\u00bb global_colors_info=\u00bb{}\u00bb][et_pb_column type=\u00bb1_4&#8243; _builder_version=\u00bb4.16&#8243; custom_padding=\u00bb|||\u00bb custom_padding_tablet=\u00bb40px|||\u00bb custom_padding_phone=\u00bb20px|||\u00bb custom_padding_last_edited=\u00bboff|desktop\u00bb global_colors_info=\u00bb{}\u00bb padding_phone=\u00bb20px|||\u00bb padding_tablet=\u00bb40px|||\u00bb padding_last_edited=\u00bboff|desktop\u00bb custom_padding__hover=\u00bb|||\u00bb][et_pb_blurb title=\u00bbColmar\u00bb use_icon=\u00bbon\u00bb font_icon=\u00bb&#xe081;||divi||400&#8243; icon_color=\u00bb#c3cfd6&#8243; icon_placement=\u00bbleft\u00bb image_icon_width=\u00bb24px\u00bb _builder_version=\u00bb4.18.0&#8243; header_level=\u00bbh5&#8243; header_font=\u00bbRaleway|700|||||||\u00bb header_line_height=\u00bb1.4em\u00bb header_font_size_tablet=\u00bb\u00bb header_font_size_phone=\u00bb14px\u00bb header_font_size_last_edited=\u00bbon|phone\u00bb icon_font_size=\u00bb24px\u00bb global_colors_info=\u00bb{}\u00bb][\/et_pb_blurb][\/et_pb_column][et_pb_column type=\u00bb1_4&#8243; _builder_version=\u00bb4.16&#8243; custom_padding=\u00bb|||\u00bb custom_padding_tablet=\u00bb40px|||\u00bb custom_padding_phone=\u00bb20px|||\u00bb custom_padding_last_edited=\u00bboff|desktop\u00bb global_colors_info=\u00bb{}\u00bb padding_phone=\u00bb20px|||\u00bb padding_tablet=\u00bb40px|||\u00bb padding_last_edited=\u00bboff|desktop\u00bb custom_padding__hover=\u00bb|||\u00bb][et_pb_blurb title=\u00bbCasa con entramado de madera\u00bb use_icon=\u00bbon\u00bb font_icon=\u00bb&#xe009;||divi||400&#8243; icon_color=\u00bb#c3cfd6&#8243; icon_placement=\u00bbleft\u00bb image_icon_width=\u00bb24px\u00bb _builder_version=\u00bb4.19.1&#8243; header_level=\u00bbh5&#8243; header_font=\u00bbRaleway|700|||||||\u00bb header_line_height=\u00bb1.4em\u00bb header_font_size_tablet=\u00bb\u00bb header_font_size_phone=\u00bb14px\u00bb header_font_size_last_edited=\u00bbon|phone\u00bb icon_font_size=\u00bb24px\u00bb global_colors_info=\u00bb{}\u00bb][\/et_pb_blurb][\/et_pb_column][et_pb_column type=\u00bb1_4&#8243; _builder_version=\u00bb4.16&#8243; custom_padding=\u00bb|||\u00bb custom_padding_tablet=\u00bb40px|||\u00bb custom_padding_phone=\u00bb20px|||\u00bb custom_padding_last_edited=\u00bboff|desktop\u00bb global_colors_info=\u00bb{}\u00bb padding_phone=\u00bb20px|||\u00bb padding_tablet=\u00bb40px|||\u00bb padding_last_edited=\u00bboff|desktop\u00bb custom_padding__hover=\u00bb|||\u00bb][et_pb_blurb title=\u00bb2 apartamentos\u00bb use_icon=\u00bbon\u00bb font_icon=\u00bb&#xe065;||fa||900&#8243; icon_color=\u00bb#c3cfd6&#8243; icon_placement=\u00bbleft\u00bb image_icon_width=\u00bb24px\u00bb _builder_version=\u00bb4.19.1&#8243; header_level=\u00bbh5&#8243; header_font=\u00bbRaleway|700|||||||\u00bb header_line_height=\u00bb1.4em\u00bb header_font_size_tablet=\u00bb\u00bb header_font_size_phone=\u00bb14px\u00bb header_font_size_last_edited=\u00bbon|phone\u00bb icon_font_size=\u00bb24px\u00bb global_colors_info=\u00bb{}\u00bb][\/et_pb_blurb][\/et_pb_column][et_pb_column type=\u00bb1_4&#8243; _builder_version=\u00bb4.16&#8243; custom_padding=\u00bb|||\u00bb custom_padding_tablet=\u00bb20px||20px||true\u00bb custom_padding_last_edited=\u00bboff|desktop\u00bb global_colors_info=\u00bb{}\u00bb padding_tablet=\u00bb20px||20px||true\u00bb padding_last_edited=\u00bboff|desktop\u00bb custom_padding__hover=\u00bb|||\u00bb][et_pb_blurb title=\u00bbTodo el a\u00f1o\u00bb use_icon=\u00bbon\u00bb font_icon=\u00bb&#xe07b;||divi||400&#8243; icon_color=\u00bb#c3cfd6&#8243; icon_placement=\u00bbleft\u00bb image_icon_width=\u00bb24px\u00bb _builder_version=\u00bb4.18.0&#8243; header_level=\u00bbh5&#8243; header_font=\u00bbRaleway|700|||||||\u00bb header_line_height=\u00bb1.4em\u00bb header_font_size_tablet=\u00bb\u00bb header_font_size_phone=\u00bb14px\u00bb header_font_size_last_edited=\u00bbon|phone\u00bb icon_font_size=\u00bb24px\u00bb locked=\u00bboff\u00bb global_colors_info=\u00bb{}\u00bb][\/et_pb_blurb][\/et_pb_column][\/et_pb_row][\/et_pb_section][et_pb_section fb_built=\u00bb1&#8243; admin_label=\u00bbHistory\u00bb _builder_version=\u00bb4.16&#8243; da_disable_devices=\u00bboff|off|off\u00bb global_colors_info=\u00bb{}\u00bb da_is_popup=\u00bboff\u00bb da_exit_intent=\u00bboff\u00bb da_has_close=\u00bbon\u00bb da_alt_close=\u00bboff\u00bb da_dark_close=\u00bboff\u00bb da_not_modal=\u00bbon\u00bb da_is_singular=\u00bboff\u00bb da_with_loader=\u00bboff\u00bb da_has_shadow=\u00bbon\u00bb][et_pb_row column_structure=\u00bb1_2,1_2&#8243; _builder_version=\u00bb4.16&#8243; locked=\u00bboff\u00bb global_colors_info=\u00bb{}\u00bb][et_pb_column type=\u00bb1_2&#8243; _builder_version=\u00bb4.16&#8243; custom_padding=\u00bb|||\u00bb global_colors_info=\u00bb{}\u00bb custom_padding__hover=\u00bb|||\u00bb][et_pb_image src=\u00bbhttps:\/\/rive-petite-venise.com\/wp-content\/uploads\/2023\/03\/3-@_DSC4278-bis.jpg\u00bb title_text=\u00bb3-@_DSC4278-bis\u00bb _builder_version=\u00bb4.21.0&#8243; _module_preset=\u00bbdefault\u00bb global_colors_info=\u00bb{}\u00bb][\/et_pb_image][\/et_pb_column][et_pb_column type=\u00bb1_2&#8243; _builder_version=\u00bb4.16&#8243; custom_padding=\u00bb|||\u00bb global_colors_info=\u00bb{}\u00bb custom_padding__hover=\u00bb|||\u00bb][et_pb_text _builder_version=\u00bb4.21.0&#8243; _module_preset=\u00bbdefault\u00bb hover_enabled=\u00bb0&#8243; global_colors_info=\u00bb{}\u00bb sticky_enabled=\u00bb0&#8243;]<\/p>\n<p><strong>Sue\u00f1o de lujo en Colmar<\/strong><\/p>\n<p>2 noches \u2013 440 \u20ac para dos personas o 220 \u20ac \/ persona<\/p>\n<p>&nbsp;<\/p>\n<ul>\n<li>2 noches en nuestro apartamento de lujo ubicado en el coraz\u00f3n de la ciudad de Colmar<\/li>\n<li>Apartamento totalmente equipado para una estancia id\u00edlica<\/li>\n<li>Ubicaci\u00f3n ideal para visitar Colmar y los pueblos tradicionales.<\/li>\n<li><strong>INCLUYE:<\/strong> Estacionamiento cubierto seguro ubicado a 200 metros de distancia<\/li>\n<li><strong>LE OFRECEMOS<\/strong>: Una botella de Cr\u00e9mant d&#8217;Alsace (para 2 personas)<\/li>\n<li><strong>LE OFRECEMOS:<\/strong> Pretzels alsacianos tradicionales (para 2 personass)<\/li>\n<li><strong>GRATIS:<\/strong> Dos botellas de agua a la llegada<\/li>\n<li>WIFI gratuito e ilimitado<\/li>\n<li>Altavoz BOSE con acceso gratuito e ilimitado a Spotify<\/li>\n<li>Aire acondicionado integrado<\/li>\n<li>Ascensor<\/li>\n<\/ul>\n<p>Para su placer, descubra las bellezas de Alsacia con el alquiler de nuestras bicicletas el\u00e9ctricas de monta\u00f1a \u00abCannondale\u00bb de gama alta: + 40 \u20ac \/ bicicleta \/ d\u00eda<\/p>\n<p>&nbsp;<\/p>\n<p><em>Oferta v\u00e1lida de lunes a domingo fuera del per\u00edodo: Ascensi\u00f3n, Pentecost\u00e9s, fin de semana del 14 de julio y del 24 de noviembre al 31 de diciembre de 2023 inclusive.<\/em><\/p>\n<p><em>Oferta no acumulable, solo con reserva. Para 2 personas.<\/em><\/p>\n<p>[\/et_pb_text][et_pb_button button_url=\u00bbhttps:\/\/secure.reservit.com\/fo\/booking\/2\/446704\/availability?specialMode=default&amp;langcode=FR&amp;__utmz=128918670.1658822727.1.1.utmcsr%3D(direct)%7Cutmccn%3D(direct)%7Cutmcmd%3D(none)&amp;custid=2&amp;_ga=GA1.3.489122673.1658822161&amp;__utmb=1.4.10.1658845967&amp;hotelid=439423&amp;__utmc=1&amp;m=booking&amp;__utma=128918670.489122673.1658822161.1658827099.1658842772.4&#8243; url_new_window=\u00bbon\u00bb button_text=\u00bbReservar una estancia\u00bb button_alignment=\u00bbcenter\u00bb _builder_version=\u00bb4.21.0&#8243; _module_preset=\u00bbdefault\u00bb custom_button=\u00bbon\u00bb button_text_color=\u00bb#FFFFFF\u00bb button_bg_color=\u00bb#333333&#8243; button_border_color=\u00bbRGBA(255,255,255,0)\u00bb global_colors_info=\u00bb{}\u00bb][\/et_pb_button][\/et_pb_column][\/et_pb_row][et_pb_row _builder_version=\u00bb4.21.0&#8243; _module_preset=\u00bbdefault\u00bb global_colors_info=\u00bb{}\u00bb][et_pb_column type=\u00bb4_4&#8243; _builder_version=\u00bb4.21.0&#8243; _module_preset=\u00bbdefault\u00bb global_colors_info=\u00bb{}\u00bb][et_pb_divider color=\u00bb#000000&#8243; _builder_version=\u00bb4.21.0&#8243; _module_preset=\u00bbdefault\u00bb global_colors_info=\u00bb{}\u00bb][\/et_pb_divider][\/et_pb_column][\/et_pb_row][et_pb_row column_structure=\u00bb1_2,1_2&#8243; _builder_version=\u00bb4.16&#8243; locked=\u00bboff\u00bb global_colors_info=\u00bb{}\u00bb][et_pb_column type=\u00bb1_2&#8243; _builder_version=\u00bb4.16&#8243; custom_padding=\u00bb|||\u00bb global_colors_info=\u00bb{}\u00bb custom_padding__hover=\u00bb|||\u00bb][et_pb_image src=\u00bbhttps:\/\/rive-petite-venise.com\/wp-content\/uploads\/2023\/05\/018_Vin_Baur.jpg\u00bb title_text=\u00bb018_Vin_Baur\u00bb _builder_version=\u00bb4.21.0&#8243; _module_preset=\u00bbdefault\u00bb global_colors_info=\u00bb{}\u00bb][\/et_pb_image][et_pb_image src=\u00bbhttps:\/\/rive-petite-venise.com\/wp-content\/uploads\/2023\/05\/chateau.jpg\u00bb title_text=\u00bbcastillo\u00bb _builder_version=\u00bb4.21.0&#8243; _module_preset=\u00bbdefault\u00bb global_colors_info=\u00bb{}\u00bb][\/et_pb_image][\/et_pb_column][et_pb_column type=\u00bb1_2&#8243; _builder_version=\u00bb4.16&#8243; custom_padding=\u00bb|||\u00bb global_colors_info=\u00bb{}\u00bb custom_padding__hover=\u00bb|||\u00bb][et_pb_text _builder_version=\u00bb4.21.0&#8243; _module_preset=\u00bbdefault\u00bb hover_enabled=\u00bb0&#8243; global_colors_info=\u00bb{}\u00bb sticky_enabled=\u00bb0&#8243;]<\/p>\n<p><strong>Descubrimiento de lujo en Colmar<\/strong><\/p>\n<p>3 noches \u2013 675\u20ac para dos personas, es decir 337,50\u20ac\/persona<\/p>\n<ul>\n<li>3 noches en nuestro apartamento de lujo ubicado en el coraz\u00f3n de la ciudad de Colmar<\/li>\n<li>Apartamento totalmente equipado para una estancia id\u00edlica<\/li>\n<li>Ubicaci\u00f3n ideal para visitar Colmar y los pueblos tradicionales.<\/li>\n<li><strong>INCLUYE:<\/strong> Estacionamiento cubierto seguro ubicado a 200 metros de distancia<\/li>\n<li><strong>LE OFRECEMOS<\/strong>: Una botella de Cr\u00e9mant d&#8217;Alsace (para 2 personas)<\/li>\n<li><strong>LE OFRECEMOS:<\/strong> Una visita a la bodega y degustaci\u00f3n en nuestro socio viticultor Thomas Baur en Turckheim<\/li>\n<li><strong>INCLUIDO:<\/strong> Dos entradas para visitar el castillo \u201cHaut-Koenigsbourg\u201d<\/li>\n<li><strong>GRATIS:<\/strong> Dos botellas de agua a la llegada<\/li>\n<li>WIFI gratuito e ilimitado<\/li>\n<li>Altavoz BOSE con acceso gratuito e ilimitado a Spotify<\/li>\n<li>Aire acondicionado<\/li>\n<\/ul>\n<p>&nbsp;<\/p>\n<p><em>Oferta v\u00e1lida de lunes a domingo fuera del per\u00edodo: Ascensi\u00f3n, Pentecost\u00e9s, fin de semana del 14 de julio y del 24 de noviembre al 31 de diciembre de 2023 inclusive.<\/em><\/p>\n<p><em>Oferta no acumulable, solo con reserva. Para 2 personas.<\/em><\/p>\n<p>[\/et_pb_text][et_pb_button button_url=\u00bbhttps:\/\/secure.reservit.com\/fo\/booking\/2\/446704\/availability?specialMode=default&amp;langcode=FR&amp;__utmz=128918670.1658822727.1.1.utmcsr%3D(direct)%7Cutmccn%3D(direct)%7Cutmcmd%3D(none)&amp;custid=2&amp;_ga=GA1.3.489122673.1658822161&amp;__utmb=1.4.10.1658845967&amp;hotelid=439423&amp;__utmc=1&amp;m=booking&amp;__utma=128918670.489122673.1658822161.1658827099.1658842772.4&#8243; url_new_window=\u00bbon\u00bb button_text=\u00bbReservar una estancia\u00bb button_alignment=\u00bbcenter\u00bb _builder_version=\u00bb4.21.0&#8243; _module_preset=\u00bbdefault\u00bb custom_button=\u00bbon\u00bb button_text_color=\u00bb#FFFFFF\u00bb button_bg_color=\u00bb#333333&#8243; button_border_color=\u00bbRGBA(255,255,255,0)\u00bb global_colors_info=\u00bb{}\u00bb][\/et_pb_button][\/et_pb_column][\/et_pb_row][\/et_pb_section][et_pb_section fb_built=\u00bb1&#8243; admin_label=\u00bbAccommodations\u00bb _builder_version=\u00bb4.20.2&#8243; use_background_color_gradient=\u00bbon\u00bb background_color_gradient_direction=\u00bb150deg\u00bb background_color_gradient_stops=\u00bb#2f3a44 25%|rgba(38,46,53,0) 100%\u00bb background_color_gradient_overlays_image=\u00bbon\u00bb background_color_gradient_start=\u00bb#2f3a44&#8243; background_color_gradient_start_position=\u00bb25%\u00bb background_color_gradient_end=\u00bbrgba(38,46,53,0)\u00bb background_image=\u00bbhttps:\/\/rive-petite-venise.com\/wp-content\/uploads\/2023\/03\/3-@_DSC4278-bis.jpg\u00bb custom_padding=\u00bb8vw|0px|280px|0px|false|false\u00bb da_disable_devices=\u00bboff|off|off\u00bb locked=\u00bboff\u00bb global_colors_info=\u00bb{}\u00bb da_is_popup=\u00bboff\u00bb da_exit_intent=\u00bboff\u00bb da_has_close=\u00bbon\u00bb da_alt_close=\u00bboff\u00bb da_dark_close=\u00bboff\u00bb da_not_modal=\u00bbon\u00bb da_is_singular=\u00bboff\u00bb da_with_loader=\u00bboff\u00bb da_has_shadow=\u00bbon\u00bb][\/et_pb_section][et_pb_section fb_built=\u00bb1&#8243; admin_label=\u00bbAmenities\u00bb _builder_version=\u00bb4.16&#8243; background_color=\u00bb#ffffff\u00bb max_width=\u00bb90%\u00bb max_width_tablet=\u00bb\u00bb max_width_phone=\u00bb100%\u00bb max_width_last_edited=\u00bbon|phone\u00bb custom_margin=\u00bb-160px|||\u00bb da_disable_devices=\u00bboff|off|off\u00bb border_color_all=\u00bb#ffffff\u00bb border_width_left=\u00bb10vw\u00bb locked=\u00bboff\u00bb global_colors_info=\u00bb{}\u00bb da_is_popup=\u00bboff\u00bb da_exit_intent=\u00bboff\u00bb da_has_close=\u00bbon\u00bb da_alt_close=\u00bboff\u00bb da_dark_close=\u00bboff\u00bb da_not_modal=\u00bbon\u00bb da_is_singular=\u00bboff\u00bb da_with_loader=\u00bboff\u00bb da_has_shadow=\u00bbon\u00bb][et_pb_row column_structure=\u00bb1_2,1_2&#8243; _builder_version=\u00bb4.16&#8243; global_colors_info=\u00bb{}\u00bb][et_pb_column type=\u00bb1_2&#8243; _builder_version=\u00bb4.16&#8243; custom_padding=\u00bb|||\u00bb global_colors_info=\u00bb{}\u00bb custom_padding__hover=\u00bb|||\u00bb][et_pb_blurb title=\u00bb WiFi gratuito\u00bb _builder_version=\u00bb4.20.2&#8243; header_level=\u00bbh5&#8243; header_font=\u00bbRaleway|700|||||||\u00bb header_font_size=\u00bb20px\u00bb header_line_height=\u00bb1.2em\u00bb body_font=\u00bb||||||||\u00bb body_line_height=\u00bb2em\u00bb global_colors_info=\u00bb{}\u00bb]<\/p>\n<p>Le daremos los c\u00f3digos a su llegada<\/p>\n<p>[\/et_pb_blurb][\/et_pb_column][et_pb_column type=\u00bb1_2&#8243; _builder_version=\u00bb4.16&#8243; custom_padding=\u00bb|||\u00bb global_colors_info=\u00bb{}\u00bb custom_padding__hover=\u00bb|||\u00bb][et_pb_blurb title=\u00bbAlquiler de bicicletas el\u00e9ctricas\u00bb _builder_version=\u00bb4.21.0&#8243; header_level=\u00bbh5&#8243; header_font=\u00bbRaleway|700|||||||\u00bb header_font_size=\u00bb20px\u00bb header_line_height=\u00bb1.2em\u00bb body_font=\u00bb||||||||\u00bb body_line_height=\u00bb2em\u00bb global_colors_info=\u00bb{}\u00bb]<\/p>\n<p> Possibilit\u00e9 de louer deux v\u00e9los \u00e9lectriques VTT haut de gamme \u00ab cannondale \u00bb : + 40\u20ac\/ v\u00e9lo \/ jour<\/p>\n<p>&nbsp;<\/p>\n<p>[\/et_pb_blurb][\/et_pb_column][\/et_pb_row][\/et_pb_section][et_pb_section fb_built=\u00bb1&#8243; admin_label=\u00bbReservations\u00bb _builder_version=\u00bb4.20.2&#8243; use_background_color_gradient=\u00bbon\u00bb background_color_gradient_direction=\u00bb150deg\u00bb background_color_gradient_stops=\u00bb#2f3a44 25%|rgba(38,46,53,0) 100%\u00bb background_color_gradient_overlays_image=\u00bbon\u00bb background_color_gradient_start=\u00bb#2f3a44&#8243; background_color_gradient_start_position=\u00bb25%\u00bb background_color_gradient_end=\u00bbrgba(38,46,53,0)\u00bb background_image=\u00bbhttps:\/\/rive-petite-venise.com\/wp-content\/uploads\/2023\/03\/2-@_DSC4344bis.jpg\u00bb custom_padding=\u00bb8vw|0px|280px|0px|false|false\u00bb da_disable_devices=\u00bboff|off|off\u00bb global_colors_info=\u00bb{}\u00bb da_is_popup=\u00bboff\u00bb da_exit_intent=\u00bboff\u00bb da_has_close=\u00bbon\u00bb da_alt_close=\u00bboff\u00bb da_dark_close=\u00bboff\u00bb da_not_modal=\u00bbon\u00bb da_is_singular=\u00bboff\u00bb da_with_loader=\u00bboff\u00bb da_has_shadow=\u00bbon\u00bb][et_pb_row column_structure=\u00bb1_2,1_2&#8243; use_custom_gutter=\u00bbon\u00bb make_equal=\u00bbon\u00bb _builder_version=\u00bb4.16&#8243; global_colors_info=\u00bb{}\u00bb][et_pb_column type=\u00bb1_2&#8243; _builder_version=\u00bb4.16&#8243; custom_padding=\u00bb|||\u00bb global_colors_info=\u00bb{}\u00bb custom_padding__hover=\u00bb|||\u00bb][et_pb_text _builder_version=\u00bb4.20.2&#8243; text_font=\u00bb||||||||\u00bb text_font_size=\u00bb16px\u00bb text_line_height=\u00bb2em\u00bb header_font=\u00bb||||||||\u00bb header_2_font=\u00bbRaleway|700|||||||\u00bb header_2_font_size=\u00bb50px\u00bb header_2_line_height=\u00bb1.2em\u00bb header_6_font=\u00bbRaleway|700||on|||||\u00bb header_6_font_size=\u00bb16px\u00bb header_6_letter_spacing=\u00bb5px\u00bb header_6_line_height=\u00bb1.8em\u00bb background_layout=\u00bbdark\u00bb max_width_tablet=\u00bb\u00bb max_width_phone=\u00bb75%\u00bb max_width_last_edited=\u00bbon|desktop\u00bb custom_margin=\u00bb|-184px||||\u00bb header_2_font_size_tablet=\u00bb35px\u00bb header_2_font_size_phone=\u00bb25px\u00bb header_2_font_size_last_edited=\u00bbon|phone\u00bb locked=\u00bboff\u00bb global_colors_info=\u00bb{}\u00bb]<\/p>\n<h6>Visite Colmar con estilo<\/h6>\n<h2>Estamos deseando darle la bienvenida.<\/h2>\n<p>&nbsp;<\/p>\n<p>[\/et_pb_text][\/et_pb_column][et_pb_column type=\u00bb1_2&#8243; _builder_version=\u00bb4.16&#8243; custom_padding=\u00bb|||\u00bb custom_padding_tablet=\u00bb0px||0px||true\u00bb global_colors_info=\u00bb{}\u00bb padding_tablet=\u00bb0px||0px||true\u00bb custom_padding__hover=\u00bb|||\u00bb][\/et_pb_column][\/et_pb_row][\/et_pb_section]<\/p>\n","protected":false},"excerpt":{"rendered":"<p>Sue\u00f1o de lujo en Colmar 2 noches \u2013 440 \u20ac para dos personas o 220 \u20ac \/ persona &nbsp; 2 noches en nuestro apartamento de lujo ubicado en el coraz\u00f3n de la ciudad de Colmar Apartamento totalmente equipado para una estancia id\u00edlica Ubicaci\u00f3n ideal para visitar Colmar y los pueblos tradicionales. INCLUYE: Estacionamiento cubierto seguro [&hellip;]<\/p>\n","protected":false},"author":1,"featured_media":0,"parent":0,"menu_order":0,"comment_status":"closed","ping_status":"closed","template":"","meta":{"_et_pb_use_builder":"on","_et_pb_old_content":"","_et_gb_content_width":"","footnotes":""},"class_list":["post-2504","page","type-page","status-publish","hentry"],"aioseo_notices":[],"jetpack_sharing_enabled":true,"_links":{"self":[{"href":"https:\/\/rive-petite-venise.com\/es\/wp-json\/wp\/v2\/pages\/2504","targetHints":{"allow":["GET"]}}],"collection":[{"href":"https:\/\/rive-petite-venise.com\/es\/wp-json\/wp\/v2\/pages"}],"about":[{"href":"https:\/\/rive-petite-venise.com\/es\/wp-json\/wp\/v2\/types\/page"}],"author":[{"embeddable":true,"href":"https:\/\/rive-petite-venise.com\/es\/wp-json\/wp\/v2\/users\/1"}],"replies":[{"embeddable":true,"href":"https:\/\/rive-petite-venise.com\/es\/wp-json\/wp\/v2\/comments?post=2504"}],"version-history":[{"count":8,"href":"https:\/\/rive-petite-venise.com\/es\/wp-json\/wp\/v2\/pages\/2504\/revisions"}],"predecessor-version":[{"id":3158,"href":"https:\/\/rive-petite-venise.com\/es\/wp-json\/wp\/v2\/pages\/2504\/revisions\/3158"}],"wp:attachment":[{"href":"https:\/\/rive-petite-venise.com\/es\/wp-json\/wp\/v2\/media?parent=2504"}],"curies":[{"name":"wp","href":"https:\/\/api.w.org\/{rel}","templated":true}]}}