{"id":1161,"date":"2022-09-27T16:38:25","date_gmt":"2022-09-27T16:38:25","guid":{"rendered":"https:\/\/rive-petite-venise.com\/aviso-legal-y-condiciones-de-uso\/"},"modified":"2023-04-11T08:09:10","modified_gmt":"2023-04-11T08:09:10","slug":"aviso-legal-y-condiciones-de-uso","status":"publish","type":"page","link":"https:\/\/rive-petite-venise.com\/es\/aviso-legal-y-condiciones-de-uso\/","title":{"rendered":"Aviso legal y condiciones de uso"},"content":{"rendered":"<p>[et_pb_section fb_built=\u00bb1&#8243; _builder_version=\u00bb4.19.1&#8243; custom_margin=\u00bb||100px||false|false\u00bb global_colors_info=\u00bb{}\u00bb][et_pb_row _builder_version=\u00bb4.19.1&#8243; background_size=\u00bbinitial\u00bb background_position=\u00bbtop_left\u00bb background_repeat=\u00bbrepeat\u00bb width=\u00bb75%\u00bb custom_margin=\u00bb||40px||false|false\u00bb global_colors_info=\u00bb{}\u00bb][et_pb_column type=\u00bb4_4&#8243; _builder_version=\u00bb4.16&#8243; custom_padding=\u00bb|||\u00bb global_colors_info=\u00bb{}\u00bb custom_padding__hover=\u00bb|||\u00bb][et_pb_text _builder_version=\u00bb4.19.1&#8243; _module_preset=\u00bbdefault\u00bb header_2_font=\u00bb|700|||||||\u00bb header_2_font_size=\u00bb30px\u00bb custom_margin=\u00bb||4px|||\u00bb global_colors_info=\u00bb{}\u00bb]<\/p>\n<h2>POL\u00cdTICA DE PRIVACIDAD<\/h2>\n<p>[\/et_pb_text][et_pb_text _builder_version=\u00bb4.20.4&#8243; _module_preset=\u00bbdefault\u00bb hover_enabled=\u00bb0&#8243; global_colors_info=\u00bb{}\u00bb sticky_enabled=\u00bb0&#8243;]<\/p>\n<p class=\"blog-item-title font-alt text-center mb-50\"><strong>PROPIEDAD DEL SITIO<\/strong><\/p>\n<p>El sitio https:\/\/rive-petite-venise.com es propiedad de Claire Gonzalez (siret n\u00famero 43905093100047 ) : 12 rue de la poissonnerie &#8211; 68000 COLMAR &#8211; Tel : <strong>06.04.98.48.07 <\/strong> <\/p>\n<p>La persona encargada del sitio web https:\/\/rive-petite-venise.com\/ es Claire Gonz\u00e1lez.<\/p>\n<p class=\"blog-item-title font-alt text-center mb-50\"><strong>CONDICIONES DE USO<\/strong><\/p>\n<p>El uso del sitio web https:\/\/rive-petite-venise.com implica la plena aceptaci\u00f3n de las condiciones generales de uso que se describen a continuaci\u00f3n. Estas condiciones de uso pueden ser modificadas o complementadas en cualquier momento, por lo que se invita a los usuarios del sitio web https:\/\/rive-petite-venise.com a consultarlas regularmente.<br \/>Este sitio es normalmente accesible a los usuarios en todo momento. No obstante, una interrupci\u00f3n por mantenimiento t\u00e9cnico puede ser decidida por Claire Gonz\u00e1lez, que se esforzar\u00e1 por informar a los usuarios con antelaci\u00f3n de las fechas y horas de la intervenci\u00f3n.<\/p>\n<p class=\"blog-item-title font-alt text-center mb-50\"><strong>DESARROLLO Y ALOJAMIENTO<\/strong><\/p>\n<p>El sitio web est\u00e1 desarrollado por :<\/p>\n<ul>\n<li><strong>COLCOM<\/strong><\/li>\n<li>Calle Berthe Molly 18<\/li>\n<li>68000 COLMAR<\/li>\n<\/ul>\n<p><strong>Alojamiento :<\/strong><\/p>\n<ul>\n<li><strong>PHPNET FRANCIA (NUXIT)<\/strong><br \/>97-97 bis rue G\u00e9n\u00e9ral Mangin<br \/>38100 GRENOBLE &#8211; <abbr title=\"Tel\u00e9fono\">Tel: 04 82 53 02 10 <\/abbr> <br \/><strong>support@phpnet.org<\/strong><\/li>\n<\/ul>\n<p>&nbsp;<\/p>\n<p class=\"blog-item-title font-alt text-center mb-50\"><strong>DESCRIPCI\u00d3N DE LOS SERVICIOS<\/strong><\/p>\n<p>El objetivo del sitio web <a href=\"https:\/\/rive-petite-venise.com\/es\/\">https:\/\/rive-petite-venise.com<\/a> es ofrecer informaci\u00f3n sobre todas las actividades de la empresa.<\/p>\n<p>Toda la informaci\u00f3n que aparece en el sitio web https:\/\/rive-petite-venise.com se da a t\u00edtulo indicativo y es probable que cambie. Esta informaci\u00f3n no es exhaustiva y est\u00e1 sujeta a cambios desde su publicaci\u00f3n.<\/p>\n<p>El sitio web <a href=\"https:\/\/rive-petite-venise.com\/es\/\">https:\/\/rive-petite-venise.com<\/a> no se responsabiliza de las omisiones, inexactitudes y deficiencias en la actualizaci\u00f3n de la informaci\u00f3n, ya sea por su propia culpa o por la de los terceros asociados que proporcionan la informaci\u00f3n.<\/p>\n<p>&nbsp;<\/p>\n<p class=\"blog-item-title font-alt text-center mb-50\"><strong>PROPIEDAD INTELECTUAL<\/strong><\/p>\n<p>Los elementos del sitio web https:\/\/rive-petite-venise.com est\u00e1n protegidos por derechos de autor y no pueden ser copiados o imitados total o parcialmente. Ning\u00fan contenido, gr\u00e1fico, logotipo, sonido o imagen de este sitio web puede copiarse, modificarse o retransmitirse sin la autorizaci\u00f3n escrita de sus responsables en https:\/\/rive-petite-venise.com.<\/p>\n<p>Toda utilizaci\u00f3n no autorizada del sitio o de alguno de los elementos que contiene se considerar\u00e1 constitutiva de infracci\u00f3n y ser\u00e1 perseguida de conformidad con las disposiciones de los art\u00edculos L.335-2 y siguientes del C\u00f3digo de la Propiedad Intelectual.<\/p>\n<p>&nbsp;<\/p>\n<p class=\"blog-item-title font-alt text-center mb-50\"><strong>RESPONSABILIDAD DE LOS USUARIOS<\/strong><\/p>\n<p>Claire Gonz\u00e1lez no se hace responsable de los da\u00f1os materiales relacionados con el uso del sitio.<\/p>\n<p>&nbsp;<\/p>\n<p class=\"blog-item-title font-alt text-center mb-50\"><strong>COOKIES E HIPERV\u00cdNCULOS<\/strong><\/p>\n<p>Algunas de las p\u00e1ginas web de https:\/\/rive-petite-venise.com utilizan \u00abcookies\u00bb, que son piezas de informaci\u00f3n que se pueden almacenar en su disco duro. Estas cookies se utilizan para medir la audiencia y con fines estad\u00edsticos. En la p\u00e1gina de inicio del sitio aparece un mensaje que le informa de ello. Usted es libre de rechazar estas cookies. En este caso, es posible que algunas p\u00e1ginas web no se muestren correctamente.<\/p>\n<p>Los sitios vinculados directa o indirectamente a www.col-com.fr no est\u00e1n bajo el control de la agencia. A pesar de sus esfuerzos, Claire Gonzalez no puede verificar el contenido de los sitios a los que se dirigen estos enlaces. Por lo tanto, Claire Gonz\u00e1lez no asume ninguna responsabilidad por la informaci\u00f3n publicada en estos sitios.<br \/>Claire Gonz\u00e1lez se reserva el derecho de oponerse al establecimiento de enlaces desde un sitio web externo al sitio web https:\/\/rive-petite-venise.com.<\/p>\n<p>El uso de cookies es habitual en Internet. Puede desactivarlas ajustando su navegador (explicaciones en el sitio web de la CNIL en la p\u00e1gina <a href=\"https:\/\/www.cnil.fr\/fr\/cookies-les-outils-pour-les-maitriser\" target=\"_blank\" rel=\"noopener\">Cookies: las herramientas para controlarlas<\/a><\/p>\n<p>Sin embargo, si desactiva las cookies, es posible que algunas p\u00e1ginas de este sitio no se muestren correctamente.<\/p>\n<p class=\"font-headlines\">Para m\u00e1s informaci\u00f3n sobre las cookies:<\/p>\n<p><a href=\"https:\/\/fr.wikipedia.org\/wiki\/Cookie_(informatique)\" target=\"_blank\" rel=\"noopener\">Cookie (inform\u00e1tica) &#8211; Wikipedia<\/a><\/p>\n<p><a href=\"https:\/\/www.cnil.fr\/fr\/cookies-traceurs-que-dit-la-loi\" target=\"_blank\" rel=\"noopener\">Cookies y rastreadores: \u00bfqu\u00e9 dice la ley?<\/a><span class=\"apple-converted-space\"> <\/span>(CNIL).<\/p>\n<p>&nbsp;<\/p>\n<p class=\"blog-item-title font-alt text-center mb-50\"><strong>TRATAMIENTO DE DATOS Y LIBERTADES<\/strong><\/p>\n<p>De conformidad con las disposiciones de los art\u00edculos 38 y siguientes de la ley 78-17 del 6 de enero de 1978 relativa a la inform\u00e1tica, los archivos y las libertades, usted tiene derecho a acceder, rectificar y suprimir los datos que le conciernen. Para ejercer este derecho, p\u00f3ngase en contacto con Claire Gonzalez (n\u00famero de siret 51125695000029) : 12 rue de la poissonnerie &#8211; 68000 COLMAR<\/p>\n<p>[\/et_pb_text][\/et_pb_column][\/et_pb_row][\/et_pb_section]<\/p>\n","protected":false},"excerpt":{"rendered":"<p>POL\u00cdTICA DE PRIVACIDADPROPIEDAD DEL SITIO El sitio https:\/\/rive-petite-venise.com es propiedad de Claire Gonzalez (siret n\u00famero 43905093100047 ) : 12 rue de la poissonnerie &#8211; 68000 COLMAR &#8211; Tel : 06.04.98.48.07 La persona encargada del sitio web https:\/\/rive-petite-venise.com\/ es Claire Gonz\u00e1lez. CONDICIONES DE USO El uso del sitio web https:\/\/rive-petite-venise.com implica la plena aceptaci\u00f3n de las [&hellip;]<\/p>\n","protected":false},"author":1,"featured_media":0,"parent":0,"menu_order":0,"comment_status":"closed","ping_status":"closed","template":"","meta":{"_et_pb_use_builder":"on","_et_pb_old_content":"","_et_gb_content_width":"","footnotes":""},"class_list":["post-1161","page","type-page","status-publish","hentry"],"aioseo_notices":[],"jetpack_sharing_enabled":true,"_links":{"self":[{"href":"https:\/\/rive-petite-venise.com\/es\/wp-json\/wp\/v2\/pages\/1161","targetHints":{"allow":["GET"]}}],"collection":[{"href":"https:\/\/rive-petite-venise.com\/es\/wp-json\/wp\/v2\/pages"}],"about":[{"href":"https:\/\/rive-petite-venise.com\/es\/wp-json\/wp\/v2\/types\/page"}],"author":[{"embeddable":true,"href":"https:\/\/rive-petite-venise.com\/es\/wp-json\/wp\/v2\/users\/1"}],"replies":[{"embeddable":true,"href":"https:\/\/rive-petite-venise.com\/es\/wp-json\/wp\/v2\/comments?post=1161"}],"version-history":[{"count":22,"href":"https:\/\/rive-petite-venise.com\/es\/wp-json\/wp\/v2\/pages\/1161\/revisions"}],"predecessor-version":[{"id":2310,"href":"https:\/\/rive-petite-venise.com\/es\/wp-json\/wp\/v2\/pages\/1161\/revisions\/2310"}],"wp:attachment":[{"href":"https:\/\/rive-petite-venise.com\/es\/wp-json\/wp\/v2\/media?parent=1161"}],"curies":[{"name":"wp","href":"https:\/\/api.w.org\/{rel}","templated":true}]}}