{"id":1153,"date":"2022-11-22T10:56:04","date_gmt":"2022-11-22T10:56:04","guid":{"rendered":"https:\/\/rive-petite-venise.com\/produit\/reservation-apartment-2nd-floor\/"},"modified":"2023-03-14T10:02:42","modified_gmt":"2023-03-14T10:02:42","slug":"reservation-apartment-2nd-floor","status":"publish","type":"product","link":"https:\/\/rive-petite-venise.com\/en\/produit\/reservation-apartment-2nd-floor\/","title":{"rendered":"Reservation Apartment 2nd floor"},"content":{"rendered":"<p>[et_pb_section fb_built=&#8221;1&#8243; _builder_version=&#8221;4.16&#8243; custom_padding=&#8221;0px||||false|false&#8221; global_colors_info=&#8221;{}&#8221;][et_pb_row _builder_version=&#8221;4.16&#8243; background_size=&#8221;initial&#8221; background_position=&#8221;top_left&#8221; background_repeat=&#8221;repeat&#8221; width=&#8221;100%&#8221; custom_padding=&#8221;0px||0px||false|false&#8221; global_colors_info=&#8221;{}&#8221;][et_pb_column type=&#8221;4_4&#8243; _builder_version=&#8221;4.16&#8243; custom_padding=&#8221;|||&#8221; global_colors_info=&#8221;{}&#8221; custom_padding__hover=&#8221;|||&#8221;][et_pb_wc_breadcrumb _builder_version=&#8221;4.16&#8243; global_colors_info=&#8221;{}&#8221;][\/et_pb_wc_breadcrumb][et_pb_wc_cart_notice _builder_version=&#8221;4.16&#8243; global_colors_info=&#8221;{}&#8221;][\/et_pb_wc_cart_notice][\/et_pb_column][\/et_pb_row][et_pb_row column_structure=&#8221;1_2,1_2&#8243; _builder_version=&#8221;4.16&#8243; background_size=&#8221;initial&#8221; background_position=&#8221;top_left&#8221; background_repeat=&#8221;repeat&#8221; width=&#8221;100%&#8221; custom_padding=&#8221;0px||||false|false&#8221; global_colors_info=&#8221;{}&#8221;][et_pb_column type=&#8221;1_2&#8243; _builder_version=&#8221;4.16&#8243; custom_padding=&#8221;|||&#8221; global_colors_info=&#8221;{}&#8221; custom_padding__hover=&#8221;|||&#8221;][\/et_pb_column][et_pb_column type=&#8221;1_2&#8243; _builder_version=&#8221;4.16&#8243; custom_padding=&#8221;|||&#8221; global_colors_info=&#8221;{}&#8221; custom_padding__hover=&#8221;|||&#8221;][et_pb_wc_title _builder_version=&#8221;4.16&#8243; global_colors_info=&#8221;{}&#8221;][\/et_pb_wc_title][et_pb_wc_rating _builder_version=&#8221;4.16&#8243; global_colors_info=&#8221;{}&#8221;][\/et_pb_wc_rating][et_pb_wc_price _builder_version=&#8221;4.16&#8243; global_colors_info=&#8221;{}&#8221;][\/et_pb_wc_price][et_pb_wc_description _builder_version=&#8221;4.16&#8243; global_colors_info=&#8221;{}&#8221;][\/et_pb_wc_description][et_pb_wc_add_to_cart product=&#8221;495&#8243; _builder_version=&#8221;4.19.1&#8243; custom_button=&#8221;on&#8221; button_text_color=&#8221;#A33F1F&#8221; button_border_color=&#8221;#A33F1F&#8221; global_colors_info=&#8221;{}&#8221; button_text_color__hover_enabled=&#8221;on|hover&#8221; button_text_color__hover=&#8221;#333333&#8243;][\/et_pb_wc_add_to_cart][et_pb_wc_meta _builder_version=&#8221;4.16&#8243; global_colors_info=&#8221;{}&#8221;][\/et_pb_wc_meta][\/et_pb_column][\/et_pb_row][et_pb_row _builder_version=&#8221;4.16&#8243; background_size=&#8221;initial&#8221; background_position=&#8221;top_left&#8221; background_repeat=&#8221;repeat&#8221; width=&#8221;100%&#8221; global_colors_info=&#8221;{}&#8221;][et_pb_column type=&#8221;4_4&#8243; _builder_version=&#8221;4.16&#8243; custom_padding=&#8221;|||&#8221; global_colors_info=&#8221;{}&#8221; custom_padding__hover=&#8221;|||&#8221;][et_pb_wc_tabs _builder_version=&#8221;4.19.1&#8243; custom_margin=&#8221;||130px||false|false&#8221; global_colors_info=&#8221;{}&#8221;]\t\t\t\t\t[\/et_pb_wc_tabs][et_pb_wc_upsells _builder_version=&#8221;4.16&#8243; global_colors_info=&#8221;{}&#8221;][\/et_pb_wc_upsells][et_pb_wc_related_products _builder_version=&#8221;4.16&#8243; global_colors_info=&#8221;{}&#8221;][\/et_pb_wc_related_products][\/et_pb_column][\/et_pb_row][\/et_pb_section]<\/p>\n","protected":false},"excerpt":{"rendered":"","protected":false},"featured_media":1425,"comment_status":"open","ping_status":"closed","template":"","meta":{"_et_pb_use_builder":"on","_et_pb_old_content":"Le logement\r\nLa maison est soigneusement d\u00e9cor\u00e9e et meubl\u00e9e. Literie de qualit\u00e9 (linge de lit non fournis), 3 salles de bain dont une avec douche et baignoire, pi\u00e8ce de vie avec salon, salle \u00e0 manger et cuisine toute \u00e9quip\u00e9e, plaque induction grand format, r\u00e9frig\u00e9rateur xxl, lave vaisselle, tireuse \u00e0 bi\u00e8re... Table \u00e0 rallonge pouvant accueillir de 10 \u00e0 18 personnes. Dans une autre aile de la maison, un petit salon, avec une seconde TV et des jeux, sera appr\u00e9ci\u00e9 par les enfants. L'ext\u00e9rieur est tr\u00e8s bien \u00e9quip\u00e9, cuisine d'\u00e9t\u00e9 couverte avec r\u00e9frig\u00e9rateur, \u00e9vier et plancha, barbecue, chaises longues, fauteuils, terrain de p\u00e9tanque, douche solaire. Espace enfant avec balan\u00e7oire.\r\nAutres remarques:\r\nLe m\u00e9nage doit \u00eatre fait \u00e0 la fin de votre s\u00e9jour. Nous proposons un service de m\u00e9nage non inclus dans le prix de base pour un montant de 200\u20ac suppl\u00e9mentaire \u00e0 r\u00e9server 1 mois \u00e0 l'avance.\r\n\r\nLe linge de lit n'est pas fourni. Nous fournissons couettes et oreillers mais vous devrez apporter draps, ou housse de couette, draps housse et taie d'oreillers.\r\n\r\nLes animaux ne sont pas autoris\u00e9s.","_et_gb_content_width":""},"product_brand":[],"product_cat":[39],"product_tag":[],"class_list":{"0":"post-1153","1":"product","2":"type-product","3":"status-publish","4":"has-post-thumbnail","6":"product_cat-not-classified","8":"first","9":"instock","10":"virtual","11":"sold-individually","12":"taxable","13":"purchasable","14":"product-type-simple"},"aioseo_notices":[],"jetpack_sharing_enabled":true,"_links":{"self":[{"href":"https:\/\/rive-petite-venise.com\/en\/wp-json\/wp\/v2\/product\/1153","targetHints":{"allow":["GET"]}}],"collection":[{"href":"https:\/\/rive-petite-venise.com\/en\/wp-json\/wp\/v2\/product"}],"about":[{"href":"https:\/\/rive-petite-venise.com\/en\/wp-json\/wp\/v2\/types\/product"}],"replies":[{"embeddable":true,"href":"https:\/\/rive-petite-venise.com\/en\/wp-json\/wp\/v2\/comments?post=1153"}],"wp:featuredmedia":[{"embeddable":true,"href":"https:\/\/rive-petite-venise.com\/en\/wp-json\/wp\/v2\/media\/1425"}],"wp:attachment":[{"href":"https:\/\/rive-petite-venise.com\/en\/wp-json\/wp\/v2\/media?parent=1153"}],"wp:term":[{"taxonomy":"product_brand","embeddable":true,"href":"https:\/\/rive-petite-venise.com\/en\/wp-json\/wp\/v2\/product_brand?post=1153"},{"taxonomy":"product_cat","embeddable":true,"href":"https:\/\/rive-petite-venise.com\/en\/wp-json\/wp\/v2\/product_cat?post=1153"},{"taxonomy":"product_tag","embeddable":true,"href":"https:\/\/rive-petite-venise.com\/en\/wp-json\/wp\/v2\/product_tag?post=1153"}],"curies":[{"name":"wp","href":"https:\/\/api.w.org\/{rel}","templated":true}]}}