{"id":1412,"date":"2022-12-02T15:07:12","date_gmt":"2022-12-02T15:07:12","guid":{"rendered":"https:\/\/rive-petite-venise.com\/?post_type=product&#038;p=1412"},"modified":"2023-03-14T09:57:37","modified_gmt":"2023-03-14T09:57:37","slug":"buchung-wohnung-3-stock","status":"publish","type":"product","link":"https:\/\/rive-petite-venise.com\/de\/produit\/buchung-wohnung-3-stock\/","title":{"rendered":"Buchung Wohnung 3. Stock"},"content":{"rendered":"<p>[et_pb_section fb_built=&#8220;1&#8243; _builder_version=&#8220;4.16&#8243; custom_padding=&#8220;0px||||false|false&#8220; global_colors_info=&#8220;{}&#8220;][et_pb_row _builder_version=&#8220;4.16&#8243; background_size=&#8220;initial&#8220; background_position=&#8220;top_left&#8220; background_repeat=&#8220;repeat&#8220; width=&#8220;100%&#8220; custom_padding=&#8220;0px||0px||false|false&#8220; global_colors_info=&#8220;{}&#8220;][et_pb_column type=&#8220;4_4&#8243; _builder_version=&#8220;4.16&#8243; custom_padding=&#8220;|||&#8220; global_colors_info=&#8220;{}&#8220; custom_padding__hover=&#8220;|||&#8220;][et_pb_wc_breadcrumb _builder_version=&#8220;4.16&#8243; global_colors_info=&#8220;{}&#8220;][\/et_pb_wc_breadcrumb][et_pb_wc_cart_notice _builder_version=&#8220;4.16&#8243; global_colors_info=&#8220;{}&#8220;][\/et_pb_wc_cart_notice][\/et_pb_column][\/et_pb_row][et_pb_row column_structure=&#8220;1_2,1_2&#8243; _builder_version=&#8220;4.16&#8243; background_size=&#8220;initial&#8220; background_position=&#8220;top_left&#8220; background_repeat=&#8220;repeat&#8220; width=&#8220;100%&#8220; custom_padding=&#8220;0px||||false|false&#8220; global_colors_info=&#8220;{}&#8220;][et_pb_column type=&#8220;1_2&#8243; _builder_version=&#8220;4.16&#8243; custom_padding=&#8220;|||&#8220; global_colors_info=&#8220;{}&#8220; custom_padding__hover=&#8220;|||&#8220;][\/et_pb_column][et_pb_column type=&#8220;1_2&#8243; _builder_version=&#8220;4.16&#8243; custom_padding=&#8220;|||&#8220; global_colors_info=&#8220;{}&#8220; custom_padding__hover=&#8220;|||&#8220;][et_pb_wc_title _builder_version=&#8220;4.16&#8243; global_colors_info=&#8220;{}&#8220;][\/et_pb_wc_title][et_pb_wc_rating _builder_version=&#8220;4.16&#8243; global_colors_info=&#8220;{}&#8220;][\/et_pb_wc_rating][et_pb_wc_price _builder_version=&#8220;4.16&#8243; global_colors_info=&#8220;{}&#8220;][\/et_pb_wc_price][et_pb_wc_description _builder_version=&#8220;4.16&#8243; global_colors_info=&#8220;{}&#8220;][\/et_pb_wc_description][et_pb_wc_add_to_cart product=&#8220;495&#8243; _builder_version=&#8220;4.19.1&#8243; custom_button=&#8220;on&#8220; button_text_color=&#8220;#A33F1F&#8220; button_border_color=&#8220;#A33F1F&#8220; global_colors_info=&#8220;{}&#8220; button_text_color__hover_enabled=&#8220;on|hover&#8220; button_text_color__hover=&#8220;#333333&#8243;][\/et_pb_wc_add_to_cart][et_pb_wc_meta _builder_version=&#8220;4.16&#8243; global_colors_info=&#8220;{}&#8220;][\/et_pb_wc_meta][\/et_pb_column][\/et_pb_row][et_pb_row _builder_version=&#8220;4.16&#8243; background_size=&#8220;initial&#8220; background_position=&#8220;top_left&#8220; background_repeat=&#8220;repeat&#8220; width=&#8220;100%&#8220; global_colors_info=&#8220;{}&#8220;][et_pb_column type=&#8220;4_4&#8243; _builder_version=&#8220;4.16&#8243; custom_padding=&#8220;|||&#8220; global_colors_info=&#8220;{}&#8220; custom_padding__hover=&#8220;|||&#8220;][et_pb_wc_tabs _builder_version=&#8220;4.19.1&#8243; custom_margin=&#8220;||130px||false|false&#8220; global_colors_info=&#8220;{}&#8220;]\t\t\t\t\t[\/et_pb_wc_tabs][et_pb_wc_upsells _builder_version=&#8220;4.16&#8243; global_colors_info=&#8220;{}&#8220;][\/et_pb_wc_upsells][et_pb_wc_related_products _builder_version=&#8220;4.16&#8243; global_colors_info=&#8220;{}&#8220;][\/et_pb_wc_related_products][\/et_pb_column][\/et_pb_row][\/et_pb_section]<\/p>\n","protected":false},"excerpt":{"rendered":"","protected":false},"featured_media":1450,"comment_status":"open","ping_status":"closed","template":"","meta":{"_et_pb_use_builder":"on","_et_pb_old_content":"Die Unterkunft\r\nDas Haus ist sorgf\u00e4ltig dekoriert und m\u00f6bliert. Qualit\u00e4tsbettw\u00e4sche (Bettw\u00e4sche nicht im Lieferumfang enthalten), 3 Badezimmer, eines davon mit Dusche und Badewanne, Wohnraum mit Wohnzimmer, Esszimmer und voll ausgestatteter K\u00fcche, Induktionskochfeld im Gro\u00dfformat, K\u00fchlschrank xxl, Geschirrsp\u00fcler, Bierzapfanlage... Ausziehbarer Tisch, an dem 10 bis 18 Personen Platz finden. In einem anderen Fl\u00fcgel des Hauses befindet sich ein kleines Wohnzimmer mit einem zweiten Fernseher und Spielen, das von den Kindern gesch\u00e4tzt wird. Der Au\u00dfenbereich ist sehr gut ausgestattet, \u00fcberdachte Sommerk\u00fcche mit K\u00fchlschrank, Sp\u00fcle und Plancha, Grill, Liegest\u00fchle, Sessel, Bouleplatz, Solardusche. Kinderbereich mit Schaukel.\r\nSonstige Bemerkungen:\r\nDie Wohnung muss am Ende Ihres Aufenthalts gereinigt werden. Wir bieten einen Reinigungsservice, der nicht im Grundpreis enthalten ist, f\u00fcr zus\u00e4tzliche 200\u20ac an, die 1 Monat im Voraus gebucht werden m\u00fcssen.\r\n\r\nBettw\u00e4sche wird nicht bereitgestellt. Wir stellen Bettdecken und Kopfkissen zur Verf\u00fcgung, aber Sie m\u00fcssen Bettlaken oder Bettbez\u00fcge, Spannbettlaken und Kopfkissenbez\u00fcge selbst mitbringen.\r\n\r\nHaustiere sind nicht erlaubt.","_et_gb_content_width":""},"product_brand":[],"product_cat":[38],"product_tag":[],"class_list":{"0":"post-1412","1":"product","2":"type-product","3":"status-publish","4":"has-post-thumbnail","6":"product_cat-nicht-klassifiziert","8":"first","9":"instock","10":"virtual","11":"sold-individually","12":"taxable","13":"purchasable","14":"product-type-simple"},"aioseo_notices":[],"jetpack_sharing_enabled":true,"_links":{"self":[{"href":"https:\/\/rive-petite-venise.com\/de\/wp-json\/wp\/v2\/product\/1412","targetHints":{"allow":["GET"]}}],"collection":[{"href":"https:\/\/rive-petite-venise.com\/de\/wp-json\/wp\/v2\/product"}],"about":[{"href":"https:\/\/rive-petite-venise.com\/de\/wp-json\/wp\/v2\/types\/product"}],"replies":[{"embeddable":true,"href":"https:\/\/rive-petite-venise.com\/de\/wp-json\/wp\/v2\/comments?post=1412"}],"wp:featuredmedia":[{"embeddable":true,"href":"https:\/\/rive-petite-venise.com\/de\/wp-json\/wp\/v2\/media\/1450"}],"wp:attachment":[{"href":"https:\/\/rive-petite-venise.com\/de\/wp-json\/wp\/v2\/media?parent=1412"}],"wp:term":[{"taxonomy":"product_brand","embeddable":true,"href":"https:\/\/rive-petite-venise.com\/de\/wp-json\/wp\/v2\/product_brand?post=1412"},{"taxonomy":"product_cat","embeddable":true,"href":"https:\/\/rive-petite-venise.com\/de\/wp-json\/wp\/v2\/product_cat?post=1412"},{"taxonomy":"product_tag","embeddable":true,"href":"https:\/\/rive-petite-venise.com\/de\/wp-json\/wp\/v2\/product_tag?post=1412"}],"curies":[{"name":"wp","href":"https:\/\/api.w.org\/{rel}","templated":true}]}}