{"id":948,"date":"2022-09-27T16:38:25","date_gmt":"2022-09-27T16:38:25","guid":{"rendered":"https:\/\/rive-petite-venise.com\/rechtliche-hinweise-und-agb\/"},"modified":"2023-04-11T08:09:10","modified_gmt":"2023-04-11T08:09:10","slug":"rechtliche-hinweise-und-agb","status":"publish","type":"page","link":"https:\/\/rive-petite-venise.com\/de\/rechtliche-hinweise-und-agb\/","title":{"rendered":"Rechtliche Hinweise und AGB"},"content":{"rendered":"<p>[et_pb_section fb_built=&#8220;1&#8243; _builder_version=&#8220;4.19.1&#8243; custom_margin=&#8220;||100px||false|false&#8220; global_colors_info=&#8220;{}&#8220;][et_pb_row _builder_version=&#8220;4.19.1&#8243; background_size=&#8220;initial&#8220; background_position=&#8220;top_left&#8220; background_repeat=&#8220;repeat&#8220; width=&#8220;75%&#8220; custom_margin=&#8220;||40px||false|false&#8220; global_colors_info=&#8220;{}&#8220;][et_pb_column type=&#8220;4_4&#8243; _builder_version=&#8220;4.16&#8243; custom_padding=&#8220;|||&#8220; global_colors_info=&#8220;{}&#8220; custom_padding__hover=&#8220;|||&#8220;][et_pb_text _builder_version=&#8220;4.19.1&#8243; _module_preset=&#8220;default&#8220; header_2_font=&#8220;|700|||||||&#8220; header_2_font_size=&#8220;30px&#8220; custom_margin=&#8220;||4px|||&#8220; global_colors_info=&#8220;{}&#8220;]<\/p>\n<h2>DATENSCHUTZRICHTLINIE<\/h2>\n<p>[\/et_pb_text][et_pb_text _builder_version=&#8220;4.20.4&#8243; _module_preset=&#8220;default&#8220; hover_enabled=&#8220;0&#8243; global_colors_info=&#8220;{}&#8220; sticky_enabled=&#8220;0&#8243;]<\/p>\n<p class=\"blog-item-title font-alt text-center mb-50\"><strong>SEITENBESITZ<\/strong><\/p>\n<p>Die Website https:\/\/rive-petite-venise.com ist Eigentum von Claire Gonzalez (Siret-Nummer 43905093100047 ): 12 rue de la poissonnerie &#8211; 68000 COLMAR &#8211; Tel: <strong>06.04.98.48.07 <\/strong> <\/p>\n<p>Verantwortlich f\u00fcr die Website https:\/\/rive-petite-venise.com\/ ist Claire Gonzalez.<\/p>\n<p class=\"blog-item-title font-alt text-center mb-50\"><strong>ALLGEMEINE NUTZUNGSBEDINGUNGEN<\/strong><\/p>\n<p>Die Nutzung der Website https:\/\/rive-petite-venise.com setzt die vollst\u00e4ndige und uneingeschr\u00e4nkte Annahme der nachstehend beschriebenen allgemeinen Nutzungsbedingungen voraus. Diese Nutzungsbedingungen k\u00f6nnen jederzeit ge\u00e4ndert oder erg\u00e4nzt werden. Nutzer der Website https:\/\/rive-petite-venise.com werden daher gebeten, sie regelm\u00e4\u00dfig zu konsultieren.<br \/>Diese Seite ist normalerweise jederzeit f\u00fcr die Nutzer zug\u00e4nglich. Claire Gonzalez wird sich jedoch bem\u00fchen, die Nutzer vorab \u00fcber die Daten und Zeiten des Eingriffs zu informieren.<\/p>\n<p class=\"blog-item-title font-alt text-center mb-50\"><strong>ENTWICKLUNG UND HOSTING<\/strong><\/p>\n<p>Die Website wurde entwickelt von :<\/p>\n<ul>\n<li><strong>COLCOM<\/strong><\/li>\n<li>18 Rue Berthe Molly<\/li>\n<li>68000 COLMAR<\/li>\n<\/ul>\n<p><strong>Unterk\u00fcnfte :<\/strong><\/p>\n<ul>\n<li><strong>PHPNET FRANCE (NUXIT)<\/strong><br \/>97-97 bis rue G\u00e9n\u00e9ral Mangin<br \/>38100 GRENOBLE &#8211; <abbr title=\"Telefon\">Tel.: 04 82 53 02 10 <\/abbr> <br \/><strong>support@phpnet.org<\/strong><\/li>\n<\/ul>\n<p>&nbsp;<\/p>\n<p class=\"blog-item-title font-alt text-center mb-50\"><strong>DIENSTBESCHREIBUNG<\/strong><\/p>\n<p>Die Website <a href=\"https:\/\/rive-petite-venise.com\/de\/\">https:\/\/rive-petite-venise.com<\/a> soll Informationen \u00fcber alle Aktivit\u00e4ten des Unternehmens liefern.<\/p>\n<p>Alle auf der Website https:\/\/rive-petite-venise.com angegebenen Informationen sind unverbindlich und k\u00f6nnen sich \u00e4ndern. Diese Informationen sind nicht ersch\u00f6pfend und werden vorbehaltlich der \u00c4nderungen gegeben, die seit ihrer Online-Ver\u00f6ffentlichung vorgenommen wurden.<\/p>\n<p>Die Website <a href=\"https:\/\/rive-petite-venise.com\/de\/\">https:\/\/rive-petite-venise.com<\/a> kann nicht f\u00fcr Auslassungen, Ungenauigkeiten und M\u00e4ngel in der Aktualisierung haftbar gemacht werden, die entweder von ihr selbst oder von dritten Partnern, die ihr diese Informationen zur Verf\u00fcgung stellen, verursacht wurden.<\/p>\n<p>&nbsp;<\/p>\n<p class=\"blog-item-title font-alt text-center mb-50\"><strong>GEISTIGES EIGENTUM<\/strong><\/p>\n<p>Die Elemente der Website https:\/\/rive-petite-venise.com sind urheberrechtlich gesch\u00fctzt und d\u00fcrfen weder ganz noch teilweise kopiert oder nachgeahmt werden. Kein Inhalt, Grafik, Logo, Ton oder Bild von dieser Website darf ohne die schriftliche Genehmigung der Verantwortlichen von https:\/\/rive-petite-venise.com kopiert, ver\u00e4ndert oder weitergeleitet werden.<\/p>\n<p>Jede nicht genehmigte Nutzung der Website oder eines ihrer Elemente wird als F\u00e4lschung angesehen und gem\u00e4\u00df den Bestimmungen der Artikel L.335-2 ff. des franz\u00f6sischen Gesetzbuchs \u00fcber geistiges Eigentum (Code de Propri\u00e9t\u00e9 Intellectuelle) verfolgt.<\/p>\n<p>&nbsp;<\/p>\n<p class=\"blog-item-title font-alt text-center mb-50\"><strong>NUTZERVERANTWORTUNG<\/strong><\/p>\n<p>Claire Gonzalez kann nicht f\u00fcr materielle Sch\u00e4den im Zusammenhang mit der Nutzung der Website haftbar gemacht werden.<\/p>\n<p>&nbsp;<\/p>\n<p class=\"blog-item-title font-alt text-center mb-50\"><strong>COOKIES UND HYPERLINKS<\/strong><\/p>\n<p>Einige Webseiten von https:\/\/rive-petite-venise.com verwenden &#8222;Cookies&#8220;, das sind Informationen, die auf Ihrer Festplatte gespeichert werden k\u00f6nnen. Diese Cookies werden f\u00fcr die Messung des Publikums und f\u00fcr statistische Zwecke verwendet. Eine Nachricht informiert Sie dar\u00fcber, gleich auf der Startseite der Website. Es steht Ihnen frei, diese Cookies abzulehnen. In diesem Fall kann es sein, dass einige Webseiten nicht richtig angezeigt werden.<\/p>\n<p>Websites, die direkt oder indirekt mit der Website www.col-com.fr verkn\u00fcpft sind, unterliegen nicht der Kontrolle der Agentur. Trotz aller Sorgfalt hat Claire Gonzalez keine M\u00f6glichkeit, den Inhalt der Seiten, auf die diese Links verweisen, zu \u00fcberpr\u00fcfen. Aus diesem Grund \u00fcbernimmt Claire Gonzalez keine Verantwortung f\u00fcr die auf diesen Seiten ver\u00f6ffentlichten Informationen.<br \/>Claire Gonzalez beh\u00e4lt sich das Recht vor, sich der Einrichtung von Links von einer externen Website auf die Website https:\/\/rive-petite-venise.com zu widersetzen.<\/p>\n<p>Die Verwendung von Cookies ist im Internet h\u00e4ufig anzutreffen. Sie k\u00f6nnen sie durch die Einstellung Ihres Browsers deaktivieren (Erkl\u00e4rungen auf der CNIL-Website auf der Seite <a href=\"https:\/\/www.cnil.fr\/fr\/cookies-les-outils-pour-les-maitriser\" target=\"_blank\" rel=\"noopener\">Cookies: Werkzeuge, um sie zu beherrschen<\/a>.<\/p>\n<p>Wenn Sie Cookies deaktivieren, kann es jedoch sein, dass einige Seiten dieser Website nicht mehr richtig angezeigt werden.<\/p>\n<p class=\"font-headlines\">Weitere Informationen zu Cookies :<\/p>\n<p><a href=\"https:\/\/fr.wikipedia.org\/wiki\/Cookie_(informatique)\" target=\"_blank\" rel=\"noopener\">Cookie (Informatik) &#8211; Wikipedia<\/a><\/p>\n<p><a href=\"https:\/\/www.cnil.fr\/fr\/cookies-traceurs-que-dit-la-loi\" target=\"_blank\" rel=\"noopener\">Cookies &amp; Tracker: Was sagt das Gesetz?<\/a><span class=\"apple-converted-space\"> <\/span>(CNIL).<\/p>\n<p>&nbsp;<\/p>\n<p class=\"blog-item-title font-alt text-center mb-50\"><strong>INFORMATIK UND FREIHEITSRECHTE<\/strong><\/p>\n<p>Gem\u00e4\u00df den Bestimmungen der Artikel 38 ff. des Gesetzes 78-17 vom 6. Januar 1978 \u00fcber Informatik, Dateien und Freiheiten haben Sie das Recht, auf die Sie betreffenden Daten zuzugreifen, sie zu berichtigen und zu l\u00f6schen. Um dies auszu\u00fcben, wenden Sie sich bitte an Claire Gonzalez (Siret-Nummer 51125695000029): 12 rue de la poissonnerie &#8211; 68000 COLMAR<\/p>\n<p>[\/et_pb_text][\/et_pb_column][\/et_pb_row][\/et_pb_section]<\/p>\n","protected":false},"excerpt":{"rendered":"<p>DATENSCHUTZRICHTLINIESEITENBESITZ Die Website https:\/\/rive-petite-venise.com ist Eigentum von Claire Gonzalez (Siret-Nummer 43905093100047 ): 12 rue de la poissonnerie &#8211; 68000 COLMAR &#8211; Tel: 06.04.98.48.07 Verantwortlich f\u00fcr die Website https:\/\/rive-petite-venise.com\/ ist Claire Gonzalez. ALLGEMEINE NUTZUNGSBEDINGUNGEN Die Nutzung der Website https:\/\/rive-petite-venise.com setzt die vollst\u00e4ndige und uneingeschr\u00e4nkte Annahme der nachstehend beschriebenen allgemeinen Nutzungsbedingungen voraus. Diese Nutzungsbedingungen k\u00f6nnen jederzeit ge\u00e4ndert [&hellip;]<\/p>\n","protected":false},"author":1,"featured_media":0,"parent":0,"menu_order":0,"comment_status":"closed","ping_status":"closed","template":"","meta":{"_et_pb_use_builder":"on","_et_pb_old_content":"","_et_gb_content_width":"","footnotes":""},"class_list":["post-948","page","type-page","status-publish","hentry"],"aioseo_notices":[],"jetpack_sharing_enabled":true,"_links":{"self":[{"href":"https:\/\/rive-petite-venise.com\/de\/wp-json\/wp\/v2\/pages\/948","targetHints":{"allow":["GET"]}}],"collection":[{"href":"https:\/\/rive-petite-venise.com\/de\/wp-json\/wp\/v2\/pages"}],"about":[{"href":"https:\/\/rive-petite-venise.com\/de\/wp-json\/wp\/v2\/types\/page"}],"author":[{"embeddable":true,"href":"https:\/\/rive-petite-venise.com\/de\/wp-json\/wp\/v2\/users\/1"}],"replies":[{"embeddable":true,"href":"https:\/\/rive-petite-venise.com\/de\/wp-json\/wp\/v2\/comments?post=948"}],"version-history":[{"count":9,"href":"https:\/\/rive-petite-venise.com\/de\/wp-json\/wp\/v2\/pages\/948\/revisions"}],"predecessor-version":[{"id":2308,"href":"https:\/\/rive-petite-venise.com\/de\/wp-json\/wp\/v2\/pages\/948\/revisions\/2308"}],"wp:attachment":[{"href":"https:\/\/rive-petite-venise.com\/de\/wp-json\/wp\/v2\/media?parent=948"}],"curies":[{"name":"wp","href":"https:\/\/api.w.org\/{rel}","templated":true}]}}