{"id":946,"date":"2022-09-27T16:38:25","date_gmt":"2022-09-27T16:38:25","guid":{"rendered":"https:\/\/rive-petite-venise.com\/sample-page\/"},"modified":"2022-11-30T08:43:52","modified_gmt":"2022-11-30T08:43:52","slug":"sample-page","status":"publish","type":"page","link":"https:\/\/rive-petite-venise.com\/de\/sample-page\/","title":{"rendered":"Sample Page"},"content":{"rendered":"<p>Dies ist eine Beispielseite. Er unterscheidet sich von einem Blogbeitrag dadurch, dass er an einer Stelle verbleibt und in Ihrer Seitennavigation (in den meisten Themen) angezeigt wird. Die meisten Menschen beginnen mit einer About-Seite, die sie potenziellen Website-Besuchern vorstellt. Es k\u00f6nnte etwas in dieser Art sagen:<\/p><blockquote class=\"wp-block-quote is-layout-flow wp-block-quote-is-layout-flow\"><p>Hi there! I&#8217;m a bike messenger by day, aspiring actor by night, and this is my website. Ich lebe in Los Angeles, habe einen gro\u00dfen Hund namens Jack und mag Pi\u00f1a Coladas. (Und gettin&#8216; caught in the rain.)<\/p><\/blockquote><p>&#8230;oder etwas \u00c4hnliches:<\/p><blockquote class=\"wp-block-quote is-layout-flow wp-block-quote-is-layout-flow\"><p>Die XYZ Doohickey Company wurde 1971 gegr\u00fcndet und versorgt die \u00d6ffentlichkeit seither mit qualitativ hochwertigen Doohickys. XYZ befindet sich in Gotham City, besch\u00e4ftigt \u00fcber 2.000 Mitarbeiter und macht allerlei tolle Sachen f\u00fcr die Gotham-Gemeinde.<\/p><\/blockquote><p>Als neuer WordPress-Nutzer sollten Sie in <a href=\"https:\/\/rive-petite-venise.com\/wp-admin\/\">Ihrem Dashboard<\/a> diese Seite l\u00f6schen und neue Seiten f\u00fcr Ihre Inhalte anlegen. Viel Spa\u00df!<\/p>","protected":false},"excerpt":{"rendered":"<p>Dies ist eine Beispielseite. Er unterscheidet sich von einem Blogbeitrag dadurch, dass er an einer Stelle verbleibt und in Ihrer Seitennavigation (in den meisten Themen) angezeigt wird. Die meisten Menschen beginnen mit einer About-Seite, die sie potenziellen Website-Besuchern vorstellt. Es k\u00f6nnte etwas in dieser Art sagen: Hi there! I&#8217;m a bike messenger by day, aspiring [&hellip;]<\/p>\n","protected":false},"author":1,"featured_media":0,"parent":0,"menu_order":0,"comment_status":"closed","ping_status":"open","template":"","meta":{"_et_pb_use_builder":"","_et_pb_old_content":"","_et_gb_content_width":"","footnotes":""},"class_list":["post-946","page","type-page","status-publish","hentry"],"aioseo_notices":[],"jetpack_sharing_enabled":true,"_links":{"self":[{"href":"https:\/\/rive-petite-venise.com\/de\/wp-json\/wp\/v2\/pages\/946","targetHints":{"allow":["GET"]}}],"collection":[{"href":"https:\/\/rive-petite-venise.com\/de\/wp-json\/wp\/v2\/pages"}],"about":[{"href":"https:\/\/rive-petite-venise.com\/de\/wp-json\/wp\/v2\/types\/page"}],"author":[{"embeddable":true,"href":"https:\/\/rive-petite-venise.com\/de\/wp-json\/wp\/v2\/users\/1"}],"replies":[{"embeddable":true,"href":"https:\/\/rive-petite-venise.com\/de\/wp-json\/wp\/v2\/comments?post=946"}],"version-history":[{"count":2,"href":"https:\/\/rive-petite-venise.com\/de\/wp-json\/wp\/v2\/pages\/946\/revisions"}],"predecessor-version":[{"id":952,"href":"https:\/\/rive-petite-venise.com\/de\/wp-json\/wp\/v2\/pages\/946\/revisions\/952"}],"wp:attachment":[{"href":"https:\/\/rive-petite-venise.com\/de\/wp-json\/wp\/v2\/media?parent=946"}],"curies":[{"name":"wp","href":"https:\/\/api.w.org\/{rel}","templated":true}]}}