{"id":945,"date":"2022-10-03T07:20:36","date_gmt":"2022-10-03T07:20:36","guid":{"rendered":"https:\/\/rive-petite-venise.com\/wer-wir-sind\/"},"modified":"2023-03-14T11:33:58","modified_gmt":"2023-03-14T11:33:58","slug":"wer-wir-sind","status":"publish","type":"page","link":"https:\/\/rive-petite-venise.com\/de\/wer-wir-sind\/","title":{"rendered":"Wer wir sind"},"content":{"rendered":"<p>[et_pb_section fb_built=&#8220;1&#8243; admin_label=&#8220;Header&#8220; _builder_version=&#8220;4.20.2&#8243; use_background_color_gradient=&#8220;on&#8220; background_color_gradient_type=&#8220;circular&#8220; background_color_gradient_direction_radial=&#8220;top left&#8220; background_color_gradient_stops=&#8220;rgba(255,255,255,0.89) 30%|rgba(255,255,255,0) 80%&#8220; background_color_gradient_start=&#8220;rgba(255,255,255,0.89)&#8220; background_color_gradient_start_position=&#8220;30%&#8220; background_color_gradient_end=&#8220;rgba(255,255,255,0)&#8220; background_color_gradient_end_position=&#8220;80%&#8220; background_image=&#8220;https:\/\/rive-petite-venise.com\/wp-content\/uploads\/2023\/03\/3-@_DSC4333bis.jpg&#8220; custom_margin=&#8220;|||&#8220; custom_padding=&#8220;8vw|0px|0|0px|false|false&#8220; locked=&#8220;off&#8220; global_colors_info=&#8220;{}&#8220;][et_pb_row _builder_version=&#8220;4.16&#8243; global_colors_info=&#8220;{}&#8220;][et_pb_column type=&#8220;4_4&#8243; _builder_version=&#8220;4.16&#8243; custom_padding=&#8220;|||&#8220; global_colors_info=&#8220;{}&#8220; custom_padding__hover=&#8220;|||&#8220;][\/et_pb_column][\/et_pb_row][et_pb_row column_structure=&#8220;1_4,1_4,1_4,1_4&#8243; use_custom_gutter=&#8220;on&#8220; gutter_width=&#8220;2&#8243; make_equal=&#8220;on&#8220; custom_padding_last_edited=&#8220;off|phone&#8220; _builder_version=&#8220;4.19.0&#8243; background_color=&#8220;#ffffff&#8220; width=&#8220;90%&#8220; width_tablet=&#8220;90%&#8220; width_phone=&#8220;53%&#8220; width_last_edited=&#8220;on|phone&#8220; max_width=&#8220;90%&#8220; module_alignment=&#8220;left&#8220; custom_margin=&#8220;8vw||||false&#8220; custom_padding=&#8220;30px|40px|30px|15vw|true|false&#8220; custom_padding_tablet=&#8220;|||10vw&#8220; animation_style=&#8220;slide&#8220; animation_direction=&#8220;left&#8220; animation_intensity_slide=&#8220;5%&#8220; use_custom_width=&#8220;on&#8220; width_unit=&#8220;off&#8220; custom_width_percent=&#8220;90%&#8220; locked=&#8220;off&#8220; global_colors_info=&#8220;{}&#8220;][et_pb_column type=&#8220;1_4&#8243; _builder_version=&#8220;4.16&#8243; custom_padding=&#8220;|||&#8220; custom_padding_tablet=&#8220;40px|||&#8220; custom_padding_phone=&#8220;20px|||&#8220; custom_padding_last_edited=&#8220;off|desktop&#8220; global_colors_info=&#8220;{}&#8220; padding_phone=&#8220;20px|||&#8220; padding_tablet=&#8220;40px|||&#8220; padding_last_edited=&#8220;off|desktop&#8220; custom_padding__hover=&#8220;|||&#8220;][et_pb_blurb title=&#8220;Colmar&#8220; use_icon=&#8220;on&#8220; font_icon=&#8220;&#xe081;||divi||400&#8243; icon_color=&#8220;#c3cfd6&#8243; icon_placement=&#8220;left&#8220; image_icon_width=&#8220;24px&#8220; _builder_version=&#8220;4.18.0&#8243; header_level=&#8220;h5&#8243; header_font=&#8220;Raleway|700|||||||&#8220; header_line_height=&#8220;1.4em&#8220; header_font_size_tablet=&#8220;&#8220; header_font_size_phone=&#8220;14px&#8220; header_font_size_last_edited=&#8220;on|phone&#8220; icon_font_size=&#8220;24px&#8220; global_colors_info=&#8220;{}&#8220;][\/et_pb_blurb][\/et_pb_column][et_pb_column type=&#8220;1_4&#8243; _builder_version=&#8220;4.16&#8243; custom_padding=&#8220;|||&#8220; custom_padding_tablet=&#8220;40px|||&#8220; custom_padding_phone=&#8220;20px|||&#8220; custom_padding_last_edited=&#8220;off|desktop&#8220; global_colors_info=&#8220;{}&#8220; padding_phone=&#8220;20px|||&#8220; padding_tablet=&#8220;40px|||&#8220; padding_last_edited=&#8220;off|desktop&#8220; custom_padding__hover=&#8220;|||&#8220;][et_pb_blurb title=&#8220;Fachwerkhaus&#8220; use_icon=&#8220;on&#8220; font_icon=&#8220;&#xe009;||divi||400&#8243; icon_color=&#8220;#c3cfd6&#8243; icon_placement=&#8220;left&#8220; image_icon_width=&#8220;24px&#8220; _builder_version=&#8220;4.19.1&#8243; header_level=&#8220;h5&#8243; header_font=&#8220;Raleway|700|||||||&#8220; header_line_height=&#8220;1.4em&#8220; header_font_size_tablet=&#8220;&#8220; header_font_size_phone=&#8220;14px&#8220; header_font_size_last_edited=&#8220;on|phone&#8220; icon_font_size=&#8220;24px&#8220; global_colors_info=&#8220;{}&#8220;][\/et_pb_blurb][\/et_pb_column][et_pb_column type=&#8220;1_4&#8243; _builder_version=&#8220;4.16&#8243; custom_padding=&#8220;|||&#8220; custom_padding_tablet=&#8220;40px|||&#8220; custom_padding_phone=&#8220;20px|||&#8220; custom_padding_last_edited=&#8220;off|desktop&#8220; global_colors_info=&#8220;{}&#8220; padding_phone=&#8220;20px|||&#8220; padding_tablet=&#8220;40px|||&#8220; padding_last_edited=&#8220;off|desktop&#8220; custom_padding__hover=&#8220;|||&#8220;][et_pb_blurb title=&#8220;2 Wohnungen&#8220; use_icon=&#8220;on&#8220; font_icon=&#8220;&#xe065;||fa||900&#8243; icon_color=&#8220;#c3cfd6&#8243; icon_placement=&#8220;left&#8220; image_icon_width=&#8220;24px&#8220; _builder_version=&#8220;4.19.1&#8243; header_level=&#8220;h5&#8243; header_font=&#8220;Raleway|700|||||||&#8220; header_line_height=&#8220;1.4em&#8220; header_font_size_tablet=&#8220;&#8220; header_font_size_phone=&#8220;14px&#8220; header_font_size_last_edited=&#8220;on|phone&#8220; icon_font_size=&#8220;24px&#8220; global_colors_info=&#8220;{}&#8220;][\/et_pb_blurb][\/et_pb_column][et_pb_column type=&#8220;1_4&#8243; _builder_version=&#8220;4.16&#8243; custom_padding=&#8220;|||&#8220; custom_padding_tablet=&#8220;20px||20px||true&#8220; custom_padding_last_edited=&#8220;off|desktop&#8220; global_colors_info=&#8220;{}&#8220; padding_tablet=&#8220;20px||20px||true&#8220; padding_last_edited=&#8220;off|desktop&#8220; custom_padding__hover=&#8220;|||&#8220;][et_pb_blurb title=&#8220;Das ganze Jahr \u00fcber&#8220; use_icon=&#8220;on&#8220; font_icon=&#8220;&#xe07b;||divi||400&#8243; icon_color=&#8220;#c3cfd6&#8243; icon_placement=&#8220;left&#8220; image_icon_width=&#8220;24px&#8220; _builder_version=&#8220;4.18.0&#8243; header_level=&#8220;h5&#8243; header_font=&#8220;Raleway|700|||||||&#8220; header_line_height=&#8220;1.4em&#8220; header_font_size_tablet=&#8220;&#8220; header_font_size_phone=&#8220;14px&#8220; header_font_size_last_edited=&#8220;on|phone&#8220; icon_font_size=&#8220;24px&#8220; locked=&#8220;off&#8220; global_colors_info=&#8220;{}&#8220;][\/et_pb_blurb][\/et_pb_column][\/et_pb_row][\/et_pb_section][et_pb_section fb_built=&#8220;1&#8243; admin_label=&#8220;History&#8220; _builder_version=&#8220;4.16&#8243; global_colors_info=&#8220;{}&#8220;][et_pb_row column_structure=&#8220;1_2,1_2&#8243; _builder_version=&#8220;4.16&#8243; locked=&#8220;off&#8220; global_colors_info=&#8220;{}&#8220;][et_pb_column type=&#8220;1_2&#8243; _builder_version=&#8220;4.16&#8243; custom_padding=&#8220;|||&#8220; global_colors_info=&#8220;{}&#8220; custom_padding__hover=&#8220;|||&#8220;][et_pb_image src=&#8220;https:\/\/rive-petite-venise.com\/wp-content\/uploads\/2023\/03\/IMG_3522-scaled-e1678793548246.jpg&#8220; title_text=&#8220;IMG_3522&#8243; _builder_version=&#8220;4.20.2&#8243; _module_preset=&#8220;default&#8220; hover_enabled=&#8220;0&#8243; global_colors_info=&#8220;{}&#8220; sticky_enabled=&#8220;0&#8243;][\/et_pb_image][\/et_pb_column][et_pb_column type=&#8220;1_2&#8243; _builder_version=&#8220;4.16&#8243; custom_padding=&#8220;|||&#8220; global_colors_info=&#8220;{}&#8220; custom_padding__hover=&#8220;|||&#8220;][et_pb_divider _builder_version=&#8220;4.20.2&#8243; _module_preset=&#8220;default&#8220; show_divider=&#8220;off&#8220; hover_enabled=&#8220;0&#8243; sticky_enabled=&#8220;0&#8243;][\/et_pb_divider][et_pb_text _builder_version=&#8220;4.19.2&#8243; _module_preset=&#8220;default&#8220; text_font_size=&#8220;20px&#8220; text_line_height=&#8220;2em&#8220; header_font_size=&#8220;50px&#8220; global_colors_info=&#8220;{}&#8220;]<\/p>\n<h1><strong>Das Haus<\/strong><\/h1>\n<p>[\/et_pb_text][et_pb_text _builder_version=&#8220;4.19.2&#8243; _module_preset=&#8220;default&#8220; text_font_size=&#8220;16px&#8220; text_line_height=&#8220;2em&#8220; global_colors_info=&#8220;{}&#8220;]<\/p>\n<p>Unsere zwei Luxusappartements liegen ideal im Herzen von Klein-Venedig, zwischen dem Naturkundemuseum und der Markthalle, am Ufer des Flusses Lauch. Sie bieten Ihnen einen unvergesslichen Aufenthalt in einem Universum, das Ihnen die Bedingungen einer au\u00dfergew\u00f6hnlichen Reise in einer au\u00dfergew\u00f6hnlichen Stadt bietet.<\/p>\n<p>[\/et_pb_text][\/et_pb_column][\/et_pb_row][\/et_pb_section][et_pb_section fb_built=&#8220;1&#8243; admin_label=&#8220;History&#8220; _builder_version=&#8220;4.16&#8243; global_colors_info=&#8220;{}&#8220;][et_pb_row _builder_version=&#8220;4.16&#8243; locked=&#8220;off&#8220; global_colors_info=&#8220;{}&#8220;][et_pb_column type=&#8220;4_4&#8243; _builder_version=&#8220;4.16&#8243; custom_padding=&#8220;|||&#8220; global_colors_info=&#8220;{}&#8220; custom_padding__hover=&#8220;|||&#8220;][et_pb_text _builder_version=&#8220;4.18.0&#8243; text_font=&#8220;||||||||&#8220; text_font_size=&#8220;16px&#8220; text_line_height=&#8220;2em&#8220; header_font=&#8220;||||||||&#8220; header_2_font=&#8220;Raleway|700|||||||&#8220; header_2_font_size=&#8220;50px&#8220; header_2_line_height=&#8220;1.2em&#8220; header_6_font=&#8220;Raleway|700||on|||||&#8220; header_6_font_size=&#8220;16px&#8220; header_6_letter_spacing=&#8220;5px&#8220; header_6_line_height=&#8220;1.8em&#8220; text_orientation=&#8220;center&#8220; max_width=&#8220;700px&#8220; module_alignment=&#8220;center&#8220; header_2_font_size_tablet=&#8220;35px&#8220; header_2_font_size_phone=&#8220;25px&#8220; header_2_font_size_last_edited=&#8220;on|phone&#8220; global_colors_info=&#8220;{}&#8220;]<\/p>\n<h6>Geschichte<\/h6>\n<h2>Colmar<\/h2>\n<p><span><strong>Colmar<\/strong> ist eine Stadt in der Region Grand Est im Nordosten Frankreichs, nahe der Grenze zu Deutschland. Seine Altstadt verf\u00fcgt \u00fcber gepflasterte Gassen, die von mittelalterlichen Fachwerk- und fr\u00fchen Renaissancegeb\u00e4uden ges\u00e4umt werden. Die gotische Kirche Saint-Martin aus dem 13. Jahrhundert befindet sich auf dem Kathedralenplatz im Zentrum. Die Stadt liegt an der els\u00e4ssischen Weinstra\u00dfe und die \u00f6rtlichen Weinberge sind auf die Herstellung von Riesling- und Gew\u00fcrztraminer-Weinen spezialisiert.<\/span><\/p>\n<p>[\/et_pb_text][et_pb_video src=&#8220;https:\/\/youtu.be\/aCb-3w6MvWw&#8220; image_src=&#8220;https:\/\/rive-petite-venise.com\/wp-content\/uploads\/2022\/10\/decouvrez-colmar.png&#8220; play_icon_color=&#8220;#000000&#8243; thumbnail_overlay_color=&#8220;RGBA(255,255,255,0)&#8220; _builder_version=&#8220;4.18.0&#8243; custom_margin=&#8220;|||&#8220; animation_style=&#8220;fade&#8220; locked=&#8220;off&#8220; global_colors_info=&#8220;{}&#8220;][\/et_pb_video][\/et_pb_column][\/et_pb_row][et_pb_row column_structure=&#8220;1_4,1_4,1_4,1_4&#8243; use_custom_gutter=&#8220;on&#8220; gutter_width=&#8220;2&#8243; _builder_version=&#8220;4.16&#8243; global_colors_info=&#8220;{}&#8220;][et_pb_column type=&#8220;1_4&#8243; _builder_version=&#8220;4.16&#8243; custom_padding=&#8220;|||&#8220; global_colors_info=&#8220;{}&#8220; custom_padding__hover=&#8220;|||&#8220;][et_pb_image src=&#8220;https:\/\/rive-petite-venise.com\/wp-content\/uploads\/2023\/03\/AdobeStock_530104674web-87a802bd-e1678793155600.jpeg&#8220; title_text=&#8220;Colmar, Elsass, Frankreich.&#8220; show_in_lightbox=&#8220;on&#8220; use_overlay=&#8220;on&#8220; overlay_icon_color=&#8220;#b2b9c4&#8243; align_tablet=&#8220;center&#8220; align_phone=&#8220;center&#8220; align_last_edited=&#8220;on|desktop&#8220; _builder_version=&#8220;4.20.2&#8243; hover_enabled=&#8220;0&#8243; locked=&#8220;off&#8220; global_colors_info=&#8220;{}&#8220; sticky_enabled=&#8220;0&#8243;][\/et_pb_image][\/et_pb_column][et_pb_column type=&#8220;1_4&#8243; _builder_version=&#8220;4.16&#8243; custom_padding=&#8220;|||&#8220; global_colors_info=&#8220;{}&#8220; custom_padding__hover=&#8220;|||&#8220;][et_pb_image src=&#8220;https:\/\/rive-petite-venise.com\/wp-content\/uploads\/2023\/03\/colmar-fb.1466734.jpg&#8220; title_text=&#8220;colmar-fb.1466734&#8243; show_in_lightbox=&#8220;on&#8220; use_overlay=&#8220;on&#8220; overlay_icon_color=&#8220;#b2b9c4&#8243; align_tablet=&#8220;center&#8220; align_phone=&#8220;center&#8220; align_last_edited=&#8220;on|desktop&#8220; _builder_version=&#8220;4.20.2&#8243; hover_enabled=&#8220;0&#8243; locked=&#8220;off&#8220; global_colors_info=&#8220;{}&#8220; sticky_enabled=&#8220;0&#8243;][\/et_pb_image][\/et_pb_column][et_pb_column type=&#8220;1_4&#8243; _builder_version=&#8220;4.16&#8243; custom_padding=&#8220;|||&#8220; global_colors_info=&#8220;{}&#8220; custom_padding__hover=&#8220;|||&#8220;][et_pb_image src=&#8220;https:\/\/rive-petite-venise.com\/wp-content\/uploads\/2023\/03\/AdobeStock_171100245-1600&#215;1068-1.jpeg&#8220; title_text=&#8220;AdobeStock_171100245-1600&#215;1068&#8243; show_in_lightbox=&#8220;on&#8220; use_overlay=&#8220;on&#8220; overlay_icon_color=&#8220;#b2b9c4&#8243; align_tablet=&#8220;center&#8220; align_phone=&#8220;center&#8220; align_last_edited=&#8220;on|desktop&#8220; _builder_version=&#8220;4.20.2&#8243; hover_enabled=&#8220;0&#8243; locked=&#8220;off&#8220; global_colors_info=&#8220;{}&#8220; sticky_enabled=&#8220;0&#8243;][\/et_pb_image][\/et_pb_column][et_pb_column type=&#8220;1_4&#8243; _builder_version=&#8220;4.16&#8243; custom_padding=&#8220;|||&#8220; global_colors_info=&#8220;{}&#8220; custom_padding__hover=&#8220;|||&#8220;][et_pb_image src=&#8220;https:\/\/rive-petite-venise.com\/wp-content\/uploads\/2022\/11\/Gite-rive-petite-venise-marche-de-noel.jpg&#8220; title_text=&#8220;Gite rive petite venise Weihnachtsmarkt&#8220; show_in_lightbox=&#8220;on&#8220; use_overlay=&#8220;on&#8220; overlay_icon_color=&#8220;#b2b9c4&#8243; align_tablet=&#8220;center&#8220; align_phone=&#8220;center&#8220; align_last_edited=&#8220;on|desktop&#8220; _builder_version=&#8220;4.20.2&#8243; hover_enabled=&#8220;0&#8243; locked=&#8220;off&#8220; global_colors_info=&#8220;{}&#8220; sticky_enabled=&#8220;0&#8243; min_height=&#8220;164px&#8220;][\/et_pb_image][\/et_pb_column][\/et_pb_row][\/et_pb_section][et_pb_section fb_built=&#8220;1&#8243; admin_label=&#8220;Accommodations&#8220; _builder_version=&#8220;4.20.2&#8243; use_background_color_gradient=&#8220;on&#8220; background_color_gradient_direction=&#8220;150deg&#8220; background_color_gradient_stops=&#8220;#2f3a44 25%|rgba(38,46,53,0) 100%&#8220; background_color_gradient_overlays_image=&#8220;on&#8220; background_color_gradient_start=&#8220;#2f3a44&#8243; background_color_gradient_start_position=&#8220;25%&#8220; background_color_gradient_end=&#8220;rgba(38,46,53,0)&#8220; background_image=&#8220;https:\/\/rive-petite-venise.com\/wp-content\/uploads\/2023\/03\/3-@_DSC4278-bis.jpg&#8220; custom_padding=&#8220;8vw|0px|280px|0px|false|false&#8220; locked=&#8220;off&#8220; global_colors_info=&#8220;{}&#8220;][\/et_pb_section][et_pb_section fb_built=&#8220;1&#8243; admin_label=&#8220;Amenities&#8220; _builder_version=&#8220;4.16&#8243; background_color=&#8220;#ffffff&#8220; max_width=&#8220;90%&#8220; max_width_tablet=&#8220;&#8220; max_width_phone=&#8220;100%&#8220; max_width_last_edited=&#8220;on|phone&#8220; custom_margin=&#8220;-160px|||&#8220; border_color_all=&#8220;#ffffff&#8220; border_width_left=&#8220;10vw&#8220; locked=&#8220;off&#8220; global_colors_info=&#8220;{}&#8220;][et_pb_row column_structure=&#8220;1_2,1_2&#8243; _builder_version=&#8220;4.16&#8243; global_colors_info=&#8220;{}&#8220;][et_pb_column type=&#8220;1_2&#8243; _builder_version=&#8220;4.16&#8243; custom_padding=&#8220;|||&#8220; global_colors_info=&#8220;{}&#8220; custom_padding__hover=&#8220;|||&#8220;][et_pb_blurb title=&#8220;  Kostenloses WiFi&#8220; _builder_version=&#8220;4.20.2&#8243; header_level=&#8220;h5&#8243; header_font=&#8220;Raleway|700|||||||&#8220; header_font_size=&#8220;20px&#8220; header_line_height=&#8220;1.2em&#8220; body_font=&#8220;||||||||&#8220; body_line_height=&#8220;2em&#8220; global_colors_info=&#8220;{}&#8220;]<\/p>\n<p>Wir geben Ihnen die Codes bei Ihrer Ankunft<\/p>\n<p>[\/et_pb_blurb][\/et_pb_column][et_pb_column type=&#8220;1_2&#8243; _builder_version=&#8220;4.16&#8243; custom_padding=&#8220;|||&#8220; global_colors_info=&#8220;{}&#8220; custom_padding__hover=&#8220;|||&#8220;][et_pb_blurb title=&#8220;Parkplatz&#8220; _builder_version=&#8220;4.20.2&#8243; header_level=&#8220;h5&#8243; header_font=&#8220;Raleway|700|||||||&#8220; header_font_size=&#8220;20px&#8220; header_line_height=&#8220;1.2em&#8220; body_font=&#8220;||||||||&#8220; body_line_height=&#8220;2em&#8220; global_colors_info=&#8220;{}&#8220;]<\/p>\n<p>Sie haben die M\u00f6glichkeit, einen Parkplatz ganz in der N\u00e4he der Wohnungen zu mieten.<\/p>\n<p>[\/et_pb_blurb][\/et_pb_column][\/et_pb_row][\/et_pb_section][et_pb_section fb_built=&#8220;1&#8243; admin_label=&#8220;Reservations&#8220; _builder_version=&#8220;4.20.2&#8243; use_background_color_gradient=&#8220;on&#8220; background_color_gradient_direction=&#8220;150deg&#8220; background_color_gradient_stops=&#8220;#2f3a44 25%|rgba(38,46,53,0) 100%&#8220; background_color_gradient_overlays_image=&#8220;on&#8220; background_color_gradient_start=&#8220;#2f3a44&#8243; background_color_gradient_start_position=&#8220;25%&#8220; background_color_gradient_end=&#8220;rgba(38,46,53,0)&#8220; background_image=&#8220;https:\/\/rive-petite-venise.com\/wp-content\/uploads\/2023\/03\/2-@_DSC4344bis.jpg&#8220; custom_padding=&#8220;8vw|0px|280px|0px|false|false&#8220; global_colors_info=&#8220;{}&#8220;][et_pb_row column_structure=&#8220;1_2,1_2&#8243; use_custom_gutter=&#8220;on&#8220; make_equal=&#8220;on&#8220; _builder_version=&#8220;4.16&#8243; global_colors_info=&#8220;{}&#8220;][et_pb_column type=&#8220;1_2&#8243; _builder_version=&#8220;4.16&#8243; custom_padding=&#8220;|||&#8220; global_colors_info=&#8220;{}&#8220; custom_padding__hover=&#8220;|||&#8220;][et_pb_text _builder_version=&#8220;4.20.2&#8243; text_font=&#8220;||||||||&#8220; text_font_size=&#8220;16px&#8220; text_line_height=&#8220;2em&#8220; header_font=&#8220;||||||||&#8220; header_2_font=&#8220;Raleway|700|||||||&#8220; header_2_font_size=&#8220;50px&#8220; header_2_line_height=&#8220;1.2em&#8220; header_6_font=&#8220;Raleway|700||on|||||&#8220; header_6_font_size=&#8220;16px&#8220; header_6_letter_spacing=&#8220;5px&#8220; header_6_line_height=&#8220;1.8em&#8220; background_layout=&#8220;dark&#8220; max_width_tablet=&#8220;&#8220; max_width_phone=&#8220;75%&#8220; max_width_last_edited=&#8220;on|desktop&#8220; custom_margin=&#8220;|-184px||||&#8220; header_2_font_size_tablet=&#8220;35px&#8220; header_2_font_size_phone=&#8220;25px&#8220; header_2_font_size_last_edited=&#8220;on|phone&#8220; locked=&#8220;off&#8220; global_colors_info=&#8220;{}&#8220;]<\/p>\n<h6>Besuchen Sie Colmar mit Stil<\/h6>\n<h2>Wir freuen uns auf Ihren Besuch!<\/h2>\n<p>&nbsp;<\/p>\n<p>[\/et_pb_text][\/et_pb_column][et_pb_column type=&#8220;1_2&#8243; _builder_version=&#8220;4.16&#8243; custom_padding=&#8220;|||&#8220; custom_padding_tablet=&#8220;0px||0px||true&#8220; global_colors_info=&#8220;{}&#8220; padding_tablet=&#8220;0px||0px||true&#8220; custom_padding__hover=&#8220;|||&#8220;][\/et_pb_column][\/et_pb_row][\/et_pb_section][et_pb_section fb_built=&#8220;1&#8243; admin_label=&#8220;Attractions&#8220; _builder_version=&#8220;4.19.1&#8243; background_color=&#8220;#ffffff&#8220; max_width=&#8220;90%&#8220; max_width_tablet=&#8220;&#8220; max_width_phone=&#8220;100%&#8220; max_width_last_edited=&#8220;on|phone&#8220; module_alignment=&#8220;right&#8220; custom_margin=&#8220;-160px||150px||false|false&#8220; custom_padding=&#8220;||70px|||&#8220; border_color_all=&#8220;#ffffff&#8220; border_width_right=&#8220;10vw&#8220; global_colors_info=&#8220;{}&#8220;][et_pb_row column_structure=&#8220;1_2,1_2&#8243; _builder_version=&#8220;4.16&#8243; custom_margin=&#8220;40px|||&#8220; custom_padding=&#8220;60px|||&#8220; border_color_all=&#8220;#f5f5f5&#8243; border_width_top=&#8220;2px&#8220; locked=&#8220;off&#8220; global_colors_info=&#8220;{}&#8220;][et_pb_column type=&#8220;1_2&#8243; _builder_version=&#8220;4.16&#8243; custom_padding=&#8220;|||&#8220; global_colors_info=&#8220;{}&#8220; custom_padding__hover=&#8220;|||&#8220;][et_pb_blurb title=&#8220;Checkin und Checkout&#8220; _builder_version=&#8220;4.18.0&#8243; header_level=&#8220;h5&#8243; header_font=&#8220;Raleway|700|||||||&#8220; header_font_size=&#8220;20px&#8220; header_line_height=&#8220;1.2em&#8220; body_font=&#8220;||||||||&#8220; body_line_height=&#8220;2em&#8220; custom_margin=&#8220;||10px|&#8220; global_colors_info=&#8220;{}&#8220;]<\/p>\n<p>Curabitur aliquet quam id dui posuere blandit. Pellentesque in ipsum id orci porta dapibus. Nulla porttitor accumsan tincidunt. Sed porttitor lectus nibh. Sed porttitor lectus nibh. Nulla porttitor accumsan tincidunt. Vestibulum ac diam sit amet quam vehicula elementum sed sit amet dui. Lorem ipsum dolor sit amet, consectetur adipiscing elit. Curabitur arcu erat, accumsan id imperdiet et, porttitor at sem. Lorem ipsum dolor sit amet, consectetur adipiscing elit. Sed porttitor lectus nibh. Pellentesque in ipsum id orci porta dapibus.<\/p>\n<p>[\/et_pb_blurb][\/et_pb_column][et_pb_column type=&#8220;1_2&#8243; _builder_version=&#8220;4.16&#8243; custom_padding=&#8220;|||&#8220; global_colors_info=&#8220;{}&#8220; custom_padding__hover=&#8220;|||&#8220;][et_pb_blurb title=&#8220;Stornierungsrichtlinien&#8220; _builder_version=&#8220;4.18.0&#8243; header_level=&#8220;h5&#8243; header_font=&#8220;Raleway|700|||||||&#8220; header_font_size=&#8220;20px&#8220; header_line_height=&#8220;1.2em&#8220; body_font=&#8220;||||||||&#8220; body_line_height=&#8220;2em&#8220; custom_margin=&#8220;||10px|&#8220; global_colors_info=&#8220;{}&#8220;]<\/p>\n<p>Curabitur aliquet quam id dui posuere blandit. Pellentesque in ipsum id orci porta dapibus. Nulla porttitor accumsan tincidunt. Sed porttitor lectus nibh. Sed porttitor lectus nibh. Nulla porttitor accumsan tincidunt. Vestibulum ac diam sit amet quam vehicula elementum sed sit amet dui. Lorem ipsum dolor sit amet, consectetur adipiscing elit. Curabitur arcu erat, accumsan id imperdiet et, porttitor at sem. Lorem ipsum dolor sit amet, consectetur adipiscing elit. Sed porttitor lectus nibh. Pellentesque in ipsum id orci porta dapibus.<\/p>\n<p>[\/et_pb_blurb][\/et_pb_column][\/et_pb_row][\/et_pb_section]<\/p>\n","protected":false},"excerpt":{"rendered":"<p>Das HausUnsere zwei Luxusappartements liegen ideal im Herzen von Klein-Venedig, zwischen dem Naturkundemuseum und der Markthalle, am Ufer des Flusses Lauch. Sie bieten Ihnen einen unvergesslichen Aufenthalt in einem Universum, das Ihnen die Bedingungen einer au\u00dfergew\u00f6hnlichen Reise in einer au\u00dfergew\u00f6hnlichen Stadt bietet.Geschichte Colmar Colmar ist eine Stadt in der Region Grand Est im Nordosten Frankreichs, [&hellip;]<\/p>\n","protected":false},"author":1,"featured_media":0,"parent":0,"menu_order":0,"comment_status":"closed","ping_status":"closed","template":"","meta":{"_et_pb_use_builder":"on","_et_pb_old_content":"","_et_gb_content_width":"","footnotes":""},"class_list":["post-945","page","type-page","status-publish","hentry"],"aioseo_notices":[],"jetpack_sharing_enabled":true,"_links":{"self":[{"href":"https:\/\/rive-petite-venise.com\/de\/wp-json\/wp\/v2\/pages\/945","targetHints":{"allow":["GET"]}}],"collection":[{"href":"https:\/\/rive-petite-venise.com\/de\/wp-json\/wp\/v2\/pages"}],"about":[{"href":"https:\/\/rive-petite-venise.com\/de\/wp-json\/wp\/v2\/types\/page"}],"author":[{"embeddable":true,"href":"https:\/\/rive-petite-venise.com\/de\/wp-json\/wp\/v2\/users\/1"}],"replies":[{"embeddable":true,"href":"https:\/\/rive-petite-venise.com\/de\/wp-json\/wp\/v2\/comments?post=945"}],"version-history":[{"count":20,"href":"https:\/\/rive-petite-venise.com\/de\/wp-json\/wp\/v2\/pages\/945\/revisions"}],"predecessor-version":[{"id":2064,"href":"https:\/\/rive-petite-venise.com\/de\/wp-json\/wp\/v2\/pages\/945\/revisions\/2064"}],"wp:attachment":[{"href":"https:\/\/rive-petite-venise.com\/de\/wp-json\/wp\/v2\/media?parent=945"}],"curies":[{"name":"wp","href":"https:\/\/api.w.org\/{rel}","templated":true}]}}