{"id":2502,"date":"2023-05-19T08:48:40","date_gmt":"2023-05-19T08:48:40","guid":{"rendered":"https:\/\/rive-petite-venise.com\/?page_id=2502"},"modified":"2023-07-18T09:19:38","modified_gmt":"2023-07-18T09:19:38","slug":"unsere-angebote","status":"publish","type":"page","link":"https:\/\/rive-petite-venise.com\/de\/unsere-angebote\/","title":{"rendered":"Unsere Angebote"},"content":{"rendered":"<p>[et_pb_section fb_built=&#8220;1&#8243; admin_label=&#8220;Header&#8220; _builder_version=&#8220;4.21.0&#8243; use_background_color_gradient=&#8220;on&#8220; background_color_gradient_type=&#8220;circular&#8220; background_color_gradient_direction_radial=&#8220;top left&#8220; background_color_gradient_stops=&#8220;rgba(255,255,255,0.89) 30%|rgba(255,255,255,0) 80%&#8220; background_color_gradient_start=&#8220;rgba(255,255,255,0.89)&#8220; background_color_gradient_start_position=&#8220;30%&#8220; background_color_gradient_end=&#8220;rgba(255,255,255,0)&#8220; background_color_gradient_end_position=&#8220;80%&#8220; background_image=&#8220;https:\/\/rive-petite-venise.com\/wp-content\/uploads\/2023\/03\/3-@_DSC4322bis.jpg&#8220; custom_margin=&#8220;|||&#8220; custom_padding=&#8220;8vw|0px|0|0px|false|false&#8220; da_disable_devices=&#8220;off|off|off&#8220; locked=&#8220;off&#8220; global_colors_info=&#8220;{}&#8220; da_is_popup=&#8220;off&#8220; da_exit_intent=&#8220;off&#8220; da_has_close=&#8220;on&#8220; da_alt_close=&#8220;off&#8220; da_dark_close=&#8220;off&#8220; da_not_modal=&#8220;on&#8220; da_is_singular=&#8220;off&#8220; da_with_loader=&#8220;off&#8220; da_has_shadow=&#8220;on&#8220;][et_pb_row column_structure=&#8220;3_4,1_4&#8243; _builder_version=&#8220;4.16&#8243; global_colors_info=&#8220;{}&#8220;][et_pb_column type=&#8220;3_4&#8243; _builder_version=&#8220;4.16&#8243; custom_padding=&#8220;|||&#8220; global_colors_info=&#8220;{}&#8220; custom_padding__hover=&#8220;|||&#8220;][et_pb_button button_url=&#8220;https:\/\/secure.reservit.com\/fo\/booking\/2\/446704\/availability?specialMode=default&amp;langcode=FR&amp;__utmz=128918670.1658822727.1.1.utmcsr%3D(direct)%7Cutmccn%3D(direct)%7Cutmcmd%3D(none)&amp;custid=2&amp;_ga=GA1.3.489122673.1658822161&amp;__utmb=1.4.10.1658845967&amp;hotelid=439423&amp;__utmc=1&amp;m=booking&amp;__utma=128918670.489122673.1658822161.1658827099.1658842772.4&#8243; url_new_window=&#8220;on&#8220; button_text=&#8220;Einen Aufenthalt buchen&#8220; button_alignment=&#8220;center&#8220; _builder_version=&#8220;4.21.0&#8243; _module_preset=&#8220;default&#8220; custom_button=&#8220;on&#8220; button_text_color=&#8220;#FFFFFF&#8220; button_bg_color=&#8220;#333333&#8243; button_border_color=&#8220;RGBA(255,255,255,0)&#8220; global_colors_info=&#8220;{}&#8220;][\/et_pb_button][\/et_pb_column][et_pb_column type=&#8220;1_4&#8243; _builder_version=&#8220;4.16&#8243; custom_padding=&#8220;|||&#8220; global_colors_info=&#8220;{}&#8220; custom_padding__hover=&#8220;|||&#8220;][\/et_pb_column][\/et_pb_row][et_pb_row column_structure=&#8220;1_4,1_4,1_4,1_4&#8243; use_custom_gutter=&#8220;on&#8220; gutter_width=&#8220;2&#8243; make_equal=&#8220;on&#8220; custom_padding_last_edited=&#8220;off|phone&#8220; _builder_version=&#8220;4.19.0&#8243; background_color=&#8220;#ffffff&#8220; width=&#8220;90%&#8220; width_tablet=&#8220;90%&#8220; width_phone=&#8220;53%&#8220; width_last_edited=&#8220;on|phone&#8220; max_width=&#8220;90%&#8220; module_alignment=&#8220;left&#8220; custom_margin=&#8220;8vw||||false&#8220; custom_padding=&#8220;30px|40px|30px|15vw|true|false&#8220; custom_padding_tablet=&#8220;|||10vw&#8220; animation_style=&#8220;slide&#8220; animation_direction=&#8220;left&#8220; animation_intensity_slide=&#8220;5%&#8220; use_custom_width=&#8220;on&#8220; width_unit=&#8220;off&#8220; custom_width_percent=&#8220;90%&#8220; locked=&#8220;off&#8220; global_colors_info=&#8220;{}&#8220;][et_pb_column type=&#8220;1_4&#8243; _builder_version=&#8220;4.16&#8243; custom_padding=&#8220;|||&#8220; custom_padding_tablet=&#8220;40px|||&#8220; custom_padding_phone=&#8220;20px|||&#8220; custom_padding_last_edited=&#8220;off|desktop&#8220; global_colors_info=&#8220;{}&#8220; padding_phone=&#8220;20px|||&#8220; padding_tablet=&#8220;40px|||&#8220; padding_last_edited=&#8220;off|desktop&#8220; custom_padding__hover=&#8220;|||&#8220;][et_pb_blurb title=&#8220;Colmar&#8220; use_icon=&#8220;on&#8220; font_icon=&#8220;&#xe081;||divi||400&#8243; icon_color=&#8220;#c3cfd6&#8243; icon_placement=&#8220;left&#8220; image_icon_width=&#8220;24px&#8220; _builder_version=&#8220;4.18.0&#8243; header_level=&#8220;h5&#8243; header_font=&#8220;Raleway|700|||||||&#8220; header_line_height=&#8220;1.4em&#8220; header_font_size_tablet=&#8220;&#8220; header_font_size_phone=&#8220;14px&#8220; header_font_size_last_edited=&#8220;on|phone&#8220; icon_font_size=&#8220;24px&#8220; global_colors_info=&#8220;{}&#8220;][\/et_pb_blurb][\/et_pb_column][et_pb_column type=&#8220;1_4&#8243; _builder_version=&#8220;4.16&#8243; custom_padding=&#8220;|||&#8220; custom_padding_tablet=&#8220;40px|||&#8220; custom_padding_phone=&#8220;20px|||&#8220; custom_padding_last_edited=&#8220;off|desktop&#8220; global_colors_info=&#8220;{}&#8220; padding_phone=&#8220;20px|||&#8220; padding_tablet=&#8220;40px|||&#8220; padding_last_edited=&#8220;off|desktop&#8220; custom_padding__hover=&#8220;|||&#8220;][et_pb_blurb title=&#8220;Fachwerkhaus&#8220; use_icon=&#8220;on&#8220; font_icon=&#8220;&#xe009;||divi||400&#8243; icon_color=&#8220;#c3cfd6&#8243; icon_placement=&#8220;left&#8220; image_icon_width=&#8220;24px&#8220; _builder_version=&#8220;4.19.1&#8243; header_level=&#8220;h5&#8243; header_font=&#8220;Raleway|700|||||||&#8220; header_line_height=&#8220;1.4em&#8220; header_font_size_tablet=&#8220;&#8220; header_font_size_phone=&#8220;14px&#8220; header_font_size_last_edited=&#8220;on|phone&#8220; icon_font_size=&#8220;24px&#8220; global_colors_info=&#8220;{}&#8220;][\/et_pb_blurb][\/et_pb_column][et_pb_column type=&#8220;1_4&#8243; _builder_version=&#8220;4.16&#8243; custom_padding=&#8220;|||&#8220; custom_padding_tablet=&#8220;40px|||&#8220; custom_padding_phone=&#8220;20px|||&#8220; custom_padding_last_edited=&#8220;off|desktop&#8220; global_colors_info=&#8220;{}&#8220; padding_phone=&#8220;20px|||&#8220; padding_tablet=&#8220;40px|||&#8220; padding_last_edited=&#8220;off|desktop&#8220; custom_padding__hover=&#8220;|||&#8220;][et_pb_blurb title=&#8220;2 Wohnungen&#8220; use_icon=&#8220;on&#8220; font_icon=&#8220;&#xe065;||fa||900&#8243; icon_color=&#8220;#c3cfd6&#8243; icon_placement=&#8220;left&#8220; image_icon_width=&#8220;24px&#8220; _builder_version=&#8220;4.19.1&#8243; header_level=&#8220;h5&#8243; header_font=&#8220;Raleway|700|||||||&#8220; header_line_height=&#8220;1.4em&#8220; header_font_size_tablet=&#8220;&#8220; header_font_size_phone=&#8220;14px&#8220; header_font_size_last_edited=&#8220;on|phone&#8220; icon_font_size=&#8220;24px&#8220; global_colors_info=&#8220;{}&#8220;][\/et_pb_blurb][\/et_pb_column][et_pb_column type=&#8220;1_4&#8243; _builder_version=&#8220;4.16&#8243; custom_padding=&#8220;|||&#8220; custom_padding_tablet=&#8220;20px||20px||true&#8220; custom_padding_last_edited=&#8220;off|desktop&#8220; global_colors_info=&#8220;{}&#8220; padding_tablet=&#8220;20px||20px||true&#8220; padding_last_edited=&#8220;off|desktop&#8220; custom_padding__hover=&#8220;|||&#8220;][et_pb_blurb title=&#8220;Das ganze Jahr \u00fcber&#8220; use_icon=&#8220;on&#8220; font_icon=&#8220;&#xe07b;||divi||400&#8243; icon_color=&#8220;#c3cfd6&#8243; icon_placement=&#8220;left&#8220; image_icon_width=&#8220;24px&#8220; _builder_version=&#8220;4.18.0&#8243; header_level=&#8220;h5&#8243; header_font=&#8220;Raleway|700|||||||&#8220; header_line_height=&#8220;1.4em&#8220; header_font_size_tablet=&#8220;&#8220; header_font_size_phone=&#8220;14px&#8220; header_font_size_last_edited=&#8220;on|phone&#8220; icon_font_size=&#8220;24px&#8220; locked=&#8220;off&#8220; global_colors_info=&#8220;{}&#8220;][\/et_pb_blurb][\/et_pb_column][\/et_pb_row][\/et_pb_section][et_pb_section fb_built=&#8220;1&#8243; admin_label=&#8220;History&#8220; _builder_version=&#8220;4.16&#8243; da_disable_devices=&#8220;off|off|off&#8220; global_colors_info=&#8220;{}&#8220; da_is_popup=&#8220;off&#8220; da_exit_intent=&#8220;off&#8220; da_has_close=&#8220;on&#8220; da_alt_close=&#8220;off&#8220; da_dark_close=&#8220;off&#8220; da_not_modal=&#8220;on&#8220; da_is_singular=&#8220;off&#8220; da_with_loader=&#8220;off&#8220; da_has_shadow=&#8220;on&#8220;][et_pb_row column_structure=&#8220;1_2,1_2&#8243; _builder_version=&#8220;4.16&#8243; locked=&#8220;off&#8220; global_colors_info=&#8220;{}&#8220;][et_pb_column type=&#8220;1_2&#8243; _builder_version=&#8220;4.16&#8243; custom_padding=&#8220;|||&#8220; global_colors_info=&#8220;{}&#8220; custom_padding__hover=&#8220;|||&#8220;][et_pb_image src=&#8220;https:\/\/rive-petite-venise.com\/wp-content\/uploads\/2023\/03\/3-@_DSC4278-bis.jpg&#8220; title_text=&#8220;3-@_DSC4278-bis&#8220; _builder_version=&#8220;4.21.0&#8243; _module_preset=&#8220;default&#8220; global_colors_info=&#8220;{}&#8220;][\/et_pb_image][\/et_pb_column][et_pb_column type=&#8220;1_2&#8243; _builder_version=&#8220;4.16&#8243; custom_padding=&#8220;|||&#8220; global_colors_info=&#8220;{}&#8220; custom_padding__hover=&#8220;|||&#8220;][et_pb_text _builder_version=&#8220;4.21.0&#8243; _module_preset=&#8220;default&#8220; hover_enabled=&#8220;0&#8243; global_colors_info=&#8220;{}&#8220; sticky_enabled=&#8220;0&#8243;]<\/p>\n<p><strong>Luxustraum in Colmar<\/strong><\/p>\n<p>2 N\u00e4chte \u2013 440 \u20ac f\u00fcr zwei Personen oder 220 \u20ac \/ Person<\/p>\n<p>&nbsp;<\/p>\n<ul>\n<li>2 N\u00e4chte in unserem Luxusapartment im Herzen der Stadt Colmar<\/li>\n<li>Voll ausgestattete Wohnung f\u00fcr einen idyllischen Aufenthalt<\/li>\n<li>Ideale Lage f\u00fcr einen Besuch von Colmar und den traditionellen D\u00f6rfern<\/li>\n<li><strong>INBEGRIFFEN:<\/strong> Sicherer \u00fcberdachter Parkplatz in 200 Metern Entfernung<\/li>\n<li><strong>ANGEBOTEN:<\/strong> Eine Flasche Cr\u00e9mant d\u2019Alsace (f\u00fcr 2 Personen)<\/li>\n<li><strong>ANGEBOTEN:<\/strong> Traditionelle els\u00e4ssische Brezeln (f\u00fcr 2 Personen)<\/li>\n<li><strong>FREI:<\/strong> Zwei Flaschen Wasser bei Ankunft<\/li>\n<li>Frei und unbegrenztes WIFI<\/li>\n<li>BOSE-Lautsprecher mit kostenlosem und unbegrenztem Spotify-Zugriff<\/li>\n<li>Integrierte Klimaanlage<\/li>\n<li>Aufzug<\/li>\n<\/ul>\n<p>Entdecken Sie zu Ihrem Vergn\u00fcgen die Sch\u00f6nheiten des Elsass mit dem Verleih unserer hochwertigen Mountainbike-Elektrofahrr\u00e4der \u201eCannondale\u201c: + 40 \u20ac \/ Fahrrad \/ Tag<\/p>\n<p>&nbsp;<\/p>\n<p><em>Angebot g\u00fcltig von Montag bis Sonntag au\u00dferhalb des Zeitraums: Himmelfahrt, Pfingsten, Wochenende vom 14. Juli und 24. November bis einschlie\u00dflich 31. Dezember 2023.<\/em><\/p>\n<p><em>Nicht kumulierbares Angebot, nur mit Reservierung. F\u00fcr 2 Personen.<\/em><\/p>\n<p>[\/et_pb_text][et_pb_button button_url=&#8220;https:\/\/secure.reservit.com\/fo\/booking\/2\/446704\/availability?specialMode=default&amp;langcode=FR&amp;__utmz=128918670.1658822727.1.1.utmcsr%3D(direct)%7Cutmccn%3D(direct)%7Cutmcmd%3D(none)&amp;custid=2&amp;_ga=GA1.3.489122673.1658822161&amp;__utmb=1.4.10.1658845967&amp;hotelid=439423&amp;__utmc=1&amp;m=booking&amp;__utma=128918670.489122673.1658822161.1658827099.1658842772.4&#8243; url_new_window=&#8220;on&#8220; button_text=&#8220;Einen Aufenthalt buchen&#8220; button_alignment=&#8220;center&#8220; _builder_version=&#8220;4.21.0&#8243; _module_preset=&#8220;default&#8220; custom_button=&#8220;on&#8220; button_text_color=&#8220;#FFFFFF&#8220; button_bg_color=&#8220;#333333&#8243; button_border_color=&#8220;RGBA(255,255,255,0)&#8220; global_colors_info=&#8220;{}&#8220;][\/et_pb_button][\/et_pb_column][\/et_pb_row][et_pb_row _builder_version=&#8220;4.21.0&#8243; _module_preset=&#8220;default&#8220; global_colors_info=&#8220;{}&#8220;][et_pb_column type=&#8220;4_4&#8243; _builder_version=&#8220;4.21.0&#8243; _module_preset=&#8220;default&#8220; global_colors_info=&#8220;{}&#8220;][et_pb_divider color=&#8220;#000000&#8243; _builder_version=&#8220;4.21.0&#8243; _module_preset=&#8220;default&#8220; global_colors_info=&#8220;{}&#8220;][\/et_pb_divider][\/et_pb_column][\/et_pb_row][et_pb_row column_structure=&#8220;1_2,1_2&#8243; _builder_version=&#8220;4.16&#8243; locked=&#8220;off&#8220; global_colors_info=&#8220;{}&#8220;][et_pb_column type=&#8220;1_2&#8243; _builder_version=&#8220;4.16&#8243; custom_padding=&#8220;|||&#8220; global_colors_info=&#8220;{}&#8220; custom_padding__hover=&#8220;|||&#8220;][et_pb_image src=&#8220;https:\/\/rive-petite-venise.com\/wp-content\/uploads\/2023\/05\/018_Vin_Baur.jpg&#8220; title_text=&#8220;018_Vin_Baur&#8220; _builder_version=&#8220;4.21.0&#8243; _module_preset=&#8220;default&#8220; global_colors_info=&#8220;{}&#8220;][\/et_pb_image][et_pb_image src=&#8220;https:\/\/rive-petite-venise.com\/wp-content\/uploads\/2023\/05\/chateau.jpg&#8220; title_text=&#8220;Schloss&#8220; _builder_version=&#8220;4.21.0&#8243; _module_preset=&#8220;default&#8220; global_colors_info=&#8220;{}&#8220;][\/et_pb_image][\/et_pb_column][et_pb_column type=&#8220;1_2&#8243; _builder_version=&#8220;4.16&#8243; custom_padding=&#8220;|||&#8220; global_colors_info=&#8220;{}&#8220; custom_padding__hover=&#8220;|||&#8220;][et_pb_text _builder_version=&#8220;4.21.0&#8243; _module_preset=&#8220;default&#8220; hover_enabled=&#8220;0&#8243; global_colors_info=&#8220;{}&#8220; sticky_enabled=&#8220;0&#8243;]<\/p>\n<p><strong>Luxus-Entdeckung in Colmar<\/strong><\/p>\n<p>3 N\u00e4chte \u2013 675 \u20ac f\u00fcr zwei Personen, also 337,50 \u20ac \/ Personne<\/p>\n<ul>\n<li>3 N\u00e4chte in unserem Luxusapartment im Herzen der Stadt Colmar<\/li>\n<li>Voll ausgestattete Wohnung f\u00fcr einen idyllischen Aufenthalt<\/li>\n<li>Ideale Lage f\u00fcr einen Besuch von Colmar und den traditionellen D\u00f6rfern<\/li>\n<li><strong>INBEGRIFFEN:<\/strong> Sicherer \u00fcberdachter Parkplatz in 200 Metern Entfernung<\/li>\n<li><strong>ANGEBOTEN:<\/strong> Eine Flasche Cr\u00e9mant d\u2019Alsace (f\u00fcr 2 Personen)<\/li>\n<li><strong>ANGEBOTEN:<\/strong> Eine Kellerbesichtigung und Verkostung bei unserem Partnerwinzer Thomas Baur in Turckheim<\/li>\n<li><strong>INBEGRIFFEN:<\/strong> Zwei Eintritte zur Besichtigung des Schlosses \u201eHaut-Koenigsbourg\u201c.<\/li>\n<li><strong>FREI:<\/strong> Zwei Flaschen Wasser bei der Ankunft<\/li>\n<li>Frei und unbegrenztes WIFI<\/li>\n<li>BOSE-Lautsprecher mit kostenlosem und unbegrenztem Spotify-Zugriff<\/li>\n<li>Klimaanlage<\/li>\n<\/ul>\n<p>&nbsp;<\/p>\n<p><em>Angebot g\u00fcltig von Montag bis Sonntag au\u00dferhalb des Zeitraums: Himmelfahrt, Pfingsten, Wochenende vom 14. Juli und 24. November bis einschlie\u00dflich 31. Dezember 2023.<\/em><\/p>\n<p><em>Nicht kumulierbares Angebot, nur mit Reservierung. F\u00fcr 2 Personen.<\/em><\/p>\n<p>[\/et_pb_text][et_pb_button button_url=&#8220;https:\/\/secure.reservit.com\/fo\/booking\/2\/446704\/availability?specialMode=default&amp;langcode=FR&amp;__utmz=128918670.1658822727.1.1.utmcsr%3D(direct)%7Cutmccn%3D(direct)%7Cutmcmd%3D(none)&amp;custid=2&amp;_ga=GA1.3.489122673.1658822161&amp;__utmb=1.4.10.1658845967&amp;hotelid=439423&amp;__utmc=1&amp;m=booking&amp;__utma=128918670.489122673.1658822161.1658827099.1658842772.4&#8243; url_new_window=&#8220;on&#8220; button_text=&#8220;Einen Aufenthalt buchen&#8220; button_alignment=&#8220;center&#8220; _builder_version=&#8220;4.21.0&#8243; _module_preset=&#8220;default&#8220; custom_button=&#8220;on&#8220; button_text_color=&#8220;#FFFFFF&#8220; button_bg_color=&#8220;#333333&#8243; button_border_color=&#8220;RGBA(255,255,255,0)&#8220; global_colors_info=&#8220;{}&#8220;][\/et_pb_button][\/et_pb_column][\/et_pb_row][\/et_pb_section][et_pb_section fb_built=&#8220;1&#8243; admin_label=&#8220;Accommodations&#8220; _builder_version=&#8220;4.20.2&#8243; use_background_color_gradient=&#8220;on&#8220; background_color_gradient_direction=&#8220;150deg&#8220; background_color_gradient_stops=&#8220;#2f3a44 25%|rgba(38,46,53,0) 100%&#8220; background_color_gradient_overlays_image=&#8220;on&#8220; background_color_gradient_start=&#8220;#2f3a44&#8243; background_color_gradient_start_position=&#8220;25%&#8220; background_color_gradient_end=&#8220;rgba(38,46,53,0)&#8220; background_image=&#8220;https:\/\/rive-petite-venise.com\/wp-content\/uploads\/2023\/03\/3-@_DSC4278-bis.jpg&#8220; custom_padding=&#8220;8vw|0px|280px|0px|false|false&#8220; da_disable_devices=&#8220;off|off|off&#8220; locked=&#8220;off&#8220; global_colors_info=&#8220;{}&#8220; da_is_popup=&#8220;off&#8220; da_exit_intent=&#8220;off&#8220; da_has_close=&#8220;on&#8220; da_alt_close=&#8220;off&#8220; da_dark_close=&#8220;off&#8220; da_not_modal=&#8220;on&#8220; da_is_singular=&#8220;off&#8220; da_with_loader=&#8220;off&#8220; da_has_shadow=&#8220;on&#8220;][\/et_pb_section][et_pb_section fb_built=&#8220;1&#8243; admin_label=&#8220;Amenities&#8220; _builder_version=&#8220;4.16&#8243; background_color=&#8220;#ffffff&#8220; max_width=&#8220;90%&#8220; max_width_tablet=&#8220;&#8220; max_width_phone=&#8220;100%&#8220; max_width_last_edited=&#8220;on|phone&#8220; custom_margin=&#8220;-160px|||&#8220; da_disable_devices=&#8220;off|off|off&#8220; border_color_all=&#8220;#ffffff&#8220; border_width_left=&#8220;10vw&#8220; locked=&#8220;off&#8220; global_colors_info=&#8220;{}&#8220; da_is_popup=&#8220;off&#8220; da_exit_intent=&#8220;off&#8220; da_has_close=&#8220;on&#8220; da_alt_close=&#8220;off&#8220; da_dark_close=&#8220;off&#8220; da_not_modal=&#8220;on&#8220; da_is_singular=&#8220;off&#8220; da_with_loader=&#8220;off&#8220; da_has_shadow=&#8220;on&#8220;][et_pb_row column_structure=&#8220;1_2,1_2&#8243; _builder_version=&#8220;4.16&#8243; global_colors_info=&#8220;{}&#8220;][et_pb_column type=&#8220;1_2&#8243; _builder_version=&#8220;4.16&#8243; custom_padding=&#8220;|||&#8220; global_colors_info=&#8220;{}&#8220; custom_padding__hover=&#8220;|||&#8220;][et_pb_blurb title=&#8220; Kostenloses WiFi&#8220; _builder_version=&#8220;4.20.2&#8243; header_level=&#8220;h5&#8243; header_font=&#8220;Raleway|700|||||||&#8220; header_font_size=&#8220;20px&#8220; header_line_height=&#8220;1.2em&#8220; body_font=&#8220;||||||||&#8220; body_line_height=&#8220;2em&#8220; global_colors_info=&#8220;{}&#8220;]<\/p>\n<p>Wir geben Ihnen die Codes bei Ihrer Ankunft<\/p>\n<p>[\/et_pb_blurb][\/et_pb_column][et_pb_column type=&#8220;1_2&#8243; _builder_version=&#8220;4.16&#8243; custom_padding=&#8220;|||&#8220; global_colors_info=&#8220;{}&#8220; custom_padding__hover=&#8220;|||&#8220;][et_pb_blurb title=&#8220;Elektrofahrr\u00e4der zu vermieten&#8220; _builder_version=&#8220;4.21.0&#8243; header_level=&#8220;h5&#8243; header_font=&#8220;Raleway|700|||||||&#8220; header_font_size=&#8220;20px&#8220; header_line_height=&#8220;1.2em&#8220; body_font=&#8220;||||||||&#8220; body_line_height=&#8220;2em&#8220; global_colors_info=&#8220;{}&#8220;]<\/p>\n<p> Possibilit\u00e9 de louer deux v\u00e9los \u00e9lectriques VTT haut de gamme \u00ab cannondale \u00bb : + 40\u20ac\/ v\u00e9lo \/ jour<\/p>\n<p>&nbsp;<\/p>\n<p>[\/et_pb_blurb][\/et_pb_column][\/et_pb_row][\/et_pb_section][et_pb_section fb_built=&#8220;1&#8243; admin_label=&#8220;Reservations&#8220; _builder_version=&#8220;4.20.2&#8243; use_background_color_gradient=&#8220;on&#8220; background_color_gradient_direction=&#8220;150deg&#8220; background_color_gradient_stops=&#8220;#2f3a44 25%|rgba(38,46,53,0) 100%&#8220; background_color_gradient_overlays_image=&#8220;on&#8220; background_color_gradient_start=&#8220;#2f3a44&#8243; background_color_gradient_start_position=&#8220;25%&#8220; background_color_gradient_end=&#8220;rgba(38,46,53,0)&#8220; background_image=&#8220;https:\/\/rive-petite-venise.com\/wp-content\/uploads\/2023\/03\/2-@_DSC4344bis.jpg&#8220; custom_padding=&#8220;8vw|0px|280px|0px|false|false&#8220; da_disable_devices=&#8220;off|off|off&#8220; global_colors_info=&#8220;{}&#8220; da_is_popup=&#8220;off&#8220; da_exit_intent=&#8220;off&#8220; da_has_close=&#8220;on&#8220; da_alt_close=&#8220;off&#8220; da_dark_close=&#8220;off&#8220; da_not_modal=&#8220;on&#8220; da_is_singular=&#8220;off&#8220; da_with_loader=&#8220;off&#8220; da_has_shadow=&#8220;on&#8220;][et_pb_row column_structure=&#8220;1_2,1_2&#8243; use_custom_gutter=&#8220;on&#8220; make_equal=&#8220;on&#8220; _builder_version=&#8220;4.16&#8243; global_colors_info=&#8220;{}&#8220;][et_pb_column type=&#8220;1_2&#8243; _builder_version=&#8220;4.16&#8243; custom_padding=&#8220;|||&#8220; global_colors_info=&#8220;{}&#8220; custom_padding__hover=&#8220;|||&#8220;][et_pb_text _builder_version=&#8220;4.20.2&#8243; text_font=&#8220;||||||||&#8220; text_font_size=&#8220;16px&#8220; text_line_height=&#8220;2em&#8220; header_font=&#8220;||||||||&#8220; header_2_font=&#8220;Raleway|700|||||||&#8220; header_2_font_size=&#8220;50px&#8220; header_2_line_height=&#8220;1.2em&#8220; header_6_font=&#8220;Raleway|700||on|||||&#8220; header_6_font_size=&#8220;16px&#8220; header_6_letter_spacing=&#8220;5px&#8220; header_6_line_height=&#8220;1.8em&#8220; background_layout=&#8220;dark&#8220; max_width_tablet=&#8220;&#8220; max_width_phone=&#8220;75%&#8220; max_width_last_edited=&#8220;on|desktop&#8220; custom_margin=&#8220;|-184px||||&#8220; header_2_font_size_tablet=&#8220;35px&#8220; header_2_font_size_phone=&#8220;25px&#8220; header_2_font_size_last_edited=&#8220;on|phone&#8220; locked=&#8220;off&#8220; global_colors_info=&#8220;{}&#8220;]<\/p>\n<h6>Besuchen Sie Colmar mit Stil<\/h6>\n<h2>Wir freuen uns auf Ihren Besuch!<\/h2>\n<p>&nbsp;<\/p>\n<p>[\/et_pb_text][\/et_pb_column][et_pb_column type=&#8220;1_2&#8243; _builder_version=&#8220;4.16&#8243; custom_padding=&#8220;|||&#8220; custom_padding_tablet=&#8220;0px||0px||true&#8220; global_colors_info=&#8220;{}&#8220; padding_tablet=&#8220;0px||0px||true&#8220; custom_padding__hover=&#8220;|||&#8220;][\/et_pb_column][\/et_pb_row][\/et_pb_section]<\/p>\n","protected":false},"excerpt":{"rendered":"<p>Luxustraum in Colmar 2 N\u00e4chte \u2013 440 \u20ac f\u00fcr zwei Personen oder 220 \u20ac \/ Person &nbsp; 2 N\u00e4chte in unserem Luxusapartment im Herzen der Stadt Colmar Voll ausgestattete Wohnung f\u00fcr einen idyllischen Aufenthalt Ideale Lage f\u00fcr einen Besuch von Colmar und den traditionellen D\u00f6rfern INBEGRIFFEN: Sicherer \u00fcberdachter Parkplatz in 200 Metern Entfernung ANGEBOTEN: Eine [&hellip;]<\/p>\n","protected":false},"author":1,"featured_media":0,"parent":0,"menu_order":0,"comment_status":"closed","ping_status":"closed","template":"","meta":{"_et_pb_use_builder":"on","_et_pb_old_content":"","_et_gb_content_width":"","footnotes":""},"class_list":["post-2502","page","type-page","status-publish","hentry"],"aioseo_notices":[],"jetpack_sharing_enabled":true,"_links":{"self":[{"href":"https:\/\/rive-petite-venise.com\/de\/wp-json\/wp\/v2\/pages\/2502","targetHints":{"allow":["GET"]}}],"collection":[{"href":"https:\/\/rive-petite-venise.com\/de\/wp-json\/wp\/v2\/pages"}],"about":[{"href":"https:\/\/rive-petite-venise.com\/de\/wp-json\/wp\/v2\/types\/page"}],"author":[{"embeddable":true,"href":"https:\/\/rive-petite-venise.com\/de\/wp-json\/wp\/v2\/users\/1"}],"replies":[{"embeddable":true,"href":"https:\/\/rive-petite-venise.com\/de\/wp-json\/wp\/v2\/comments?post=2502"}],"version-history":[{"count":5,"href":"https:\/\/rive-petite-venise.com\/de\/wp-json\/wp\/v2\/pages\/2502\/revisions"}],"predecessor-version":[{"id":3166,"href":"https:\/\/rive-petite-venise.com\/de\/wp-json\/wp\/v2\/pages\/2502\/revisions\/3166"}],"wp:attachment":[{"href":"https:\/\/rive-petite-venise.com\/de\/wp-json\/wp\/v2\/media?parent=2502"}],"curies":[{"name":"wp","href":"https:\/\/api.w.org\/{rel}","templated":true}]}}