{"id":1099,"date":"2022-10-24T13:07:08","date_gmt":"2022-10-24T13:07:08","guid":{"rendered":"https:\/\/rive-petite-venise.com\/wohnung-3-stock\/"},"modified":"2023-07-17T14:28:11","modified_gmt":"2023-07-17T14:28:11","slug":"wohnung-3-stock","status":"publish","type":"page","link":"https:\/\/rive-petite-venise.com\/de\/wohnung-3-stock\/","title":{"rendered":"Wohnung 3. Stock"},"content":{"rendered":"<p>[et_pb_section fb_built=&#8220;1&#8243; admin_label=&#8220;Header&#8220; _builder_version=&#8220;4.20.2&#8243; use_background_color_gradient=&#8220;on&#8220; background_color_gradient_type=&#8220;circular&#8220; background_color_gradient_direction_radial=&#8220;top left&#8220; background_color_gradient_stops=&#8220;rgba(255,255,255,0.89) 30%|rgba(255,255,255,0) 80%&#8220; background_color_gradient_start=&#8220;rgba(255,255,255,0.89)&#8220; background_color_gradient_start_position=&#8220;30%&#8220; background_color_gradient_end=&#8220;rgba(255,255,255,0)&#8220; background_color_gradient_end_position=&#8220;80%&#8220; background_image=&#8220;https:\/\/rive-petite-venise.com\/wp-content\/uploads\/2023\/03\/3-@_DSC4273-bis-recadre.png&#8220; custom_padding=&#8220;8vw|0px|0|0px|false|false&#8220; da_disable_devices=&#8220;off|off|off&#8220; global_colors_info=&#8220;{}&#8220; da_is_popup=&#8220;off&#8220; da_exit_intent=&#8220;off&#8220; da_has_close=&#8220;on&#8220; da_alt_close=&#8220;off&#8220; da_dark_close=&#8220;off&#8220; da_not_modal=&#8220;on&#8220; da_is_singular=&#8220;off&#8220; da_with_loader=&#8220;off&#8220; da_has_shadow=&#8220;on&#8220;][et_pb_row column_structure=&#8220;3_4,1_4&#8243; _builder_version=&#8220;4.20.2&#8243; height=&#8220;450px&#8220; global_colors_info=&#8220;{}&#8220;][et_pb_column type=&#8220;3_4&#8243; _builder_version=&#8220;4.16&#8243; custom_padding=&#8220;|||&#8220; global_colors_info=&#8220;{}&#8220; custom_padding__hover=&#8220;|||&#8220;][et_pb_text _builder_version=&#8220;4.20.2&#8243; text_font=&#8220;||||||||&#8220; header_font=&#8220;Raleway|700|||||||&#8220; header_font_size=&#8220;80px&#8220; header_line_height=&#8220;1.2em&#8220; header_5_font=&#8220;Raleway|700||on|||||&#8220; header_5_text_color=&#8220;#000000&#8243; header_5_font_size=&#8220;20px&#8220; header_5_letter_spacing=&#8220;0.5em&#8220; header_5_line_height=&#8220;1.8em&#8220; animation_style=&#8220;zoom&#8220; animation_intensity_zoom=&#8220;5%&#8220; header_font_size_tablet=&#8220;48px&#8220; header_font_size_phone=&#8220;32px&#8220; header_font_size_last_edited=&#8220;on|phone&#8220; header_5_font_size_tablet=&#8220;14px&#8220; header_5_font_size_phone=&#8220;12px&#8220; header_5_font_size_last_edited=&#8220;on|desktop&#8220; global_colors_info=&#8220;{}&#8220;]<\/p>\n<h5><span style=\"color: #ffffff;\">Wohnung<\/span><\/h5>\n<h1><span style=\"color: #ffffff;\">3. Stock<\/span><\/h1>\n<p>[\/et_pb_text][\/et_pb_column][et_pb_column type=&#8220;1_4&#8243; _builder_version=&#8220;4.16&#8243; custom_padding=&#8220;|||&#8220; global_colors_info=&#8220;{}&#8220; custom_padding__hover=&#8220;|||&#8220;][et_pb_button button_url=&#8220;https:\/\/secure.reservit.com\/fo\/booking\/2\/446704\/availability?specialMode=default&amp;langcode=FR&amp;__utmz=128918670.1658822727.1.1.utmcsr%3D(direct)%7Cutmccn%3D(direct)%7Cutmcmd%3D(none)&amp;custid=2&amp;_ga=GA1.3.489122673.1658822161&amp;__utmb=1.4.10.1658845967&amp;hotelid=439423&amp;__utmc=1&amp;m=booking&amp;__utma=128918670.489122673.1658822161.1658827099.1658842772.4&#8243; url_new_window=&#8220;on&#8220; button_text=&#8220;Einen Aufenthalt buchen&#8220; button_alignment=&#8220;center&#8220; _builder_version=&#8220;4.21.0&#8243; _module_preset=&#8220;default&#8220; custom_button=&#8220;on&#8220; button_text_color=&#8220;#FFFFFF&#8220; button_bg_color=&#8220;#333333&#8243; button_border_color=&#8220;RGBA(255,255,255,0)&#8220; global_colors_info=&#8220;{}&#8220;][\/et_pb_button][\/et_pb_column][\/et_pb_row][\/et_pb_section][et_pb_section fb_built=&#8220;1&#8243; admin_label=&#8220;Room Details&#8220; _builder_version=&#8220;4.16&#8243; da_disable_devices=&#8220;off|off|off&#8220; global_colors_info=&#8220;{}&#8220; da_is_popup=&#8220;off&#8220; da_exit_intent=&#8220;off&#8220; da_has_close=&#8220;on&#8220; da_alt_close=&#8220;off&#8220; da_dark_close=&#8220;off&#8220; da_not_modal=&#8220;on&#8220; da_is_singular=&#8220;off&#8220; da_with_loader=&#8220;off&#8220; da_has_shadow=&#8220;on&#8220;][et_pb_row column_structure=&#8220;3_5,2_5&#8243; _builder_version=&#8220;4.16&#8243; global_colors_info=&#8220;{}&#8220;][et_pb_column type=&#8220;3_5&#8243; _builder_version=&#8220;4.16&#8243; custom_padding=&#8220;|||&#8220; global_colors_info=&#8220;{}&#8220; custom_padding__hover=&#8220;|||&#8220;][et_pb_text _builder_version=&#8220;4.20.4&#8243; text_font=&#8220;||||||||&#8220; text_font_size=&#8220;16px&#8220; text_line_height=&#8220;2em&#8220; header_font=&#8220;||||||||&#8220; header_2_font=&#8220;Raleway|700|||||||&#8220; header_2_font_size=&#8220;50px&#8220; header_2_line_height=&#8220;1.2em&#8220; header_6_font=&#8220;Raleway|700||on|||||&#8220; header_6_font_size=&#8220;16px&#8220; header_6_letter_spacing=&#8220;5px&#8220; header_6_line_height=&#8220;1.2em&#8220; max_width=&#8220;700px&#8220; max_width_last_edited=&#8220;off|desktop&#8220; header_2_font_size_tablet=&#8220;35px&#8220; header_2_font_size_phone=&#8220;25px&#8220; header_2_font_size_last_edited=&#8220;on|phone&#8220; global_colors_info=&#8220;{}&#8220;]<\/p>\n<p>Dieses 46 m2 gro\u00dfe Apartment empf\u00e4ngt Sie in einem modernen Ambiente.<br \/>Es ist ger\u00e4umig und elegant und besteht aus einer voll ausgestatteten K\u00fcche, einem Badezimmer in raffiniertem Design mit begehbarer Dusche, einem Wohn-\/Arbeitsbereich sowie einem Schlafzimmer mit hochwertiger Bettw\u00e4sche.<\/p>\n<p>M\u00f6glichkeit eines Zusatzbetts.<\/p>\n<p>[\/et_pb_text][\/et_pb_column][et_pb_column type=&#8220;2_5&#8243; _builder_version=&#8220;4.16&#8243; custom_padding=&#8220;|||&#8220; global_colors_info=&#8220;{}&#8220; custom_padding__hover=&#8220;|||&#8220;][et_pb_blurb title=&#8220;Ab 190\u20ac pro Nacht&#8220; use_icon=&#8220;on&#8220; font_icon=&#8220;&#xe074;||divi||400&#8243; icon_color=&#8220;#c3cfd6&#8243; icon_placement=&#8220;left&#8220; image_icon_width=&#8220;24px&#8220; _builder_version=&#8220;4.21.0&#8243; header_level=&#8220;h5&#8243; header_font=&#8220;Raleway|700|||||||&#8220; header_line_height=&#8220;1.4em&#8220; hover_enabled=&#8220;0&#8243; icon_font_size=&#8220;24px&#8220; global_colors_info=&#8220;{}&#8220; sticky_enabled=&#8220;0&#8243;][\/et_pb_blurb][\/et_pb_column][\/et_pb_row][et_pb_row column_structure=&#8220;1_3,1_3,1_3&#8243; _builder_version=&#8220;4.19.1&#8243; _module_preset=&#8220;default&#8220; global_colors_info=&#8220;{}&#8220;][et_pb_column type=&#8220;1_3&#8243; _builder_version=&#8220;4.19.1&#8243; _module_preset=&#8220;default&#8220; global_colors_info=&#8220;{}&#8220;][et_pb_text _builder_version=&#8220;4.21.0&#8243; _module_preset=&#8220;default&#8220; global_colors_info=&#8220;{}&#8220;]<\/p>\n<p>WiFi<br \/>Tresor<br \/>Flachbildfernseher<br \/>Integrierte Klimaanlage<br \/>Aufzug<br \/><strong><strong>Tiere sind nicht erlaubt<br \/>Im Haus und in den Wohnungen ist das Rauchen und Dampfen verboten.<\/strong><o:p><\/o:p><strong><\/strong><\/strong><\/p>\n<p>[\/et_pb_text][\/et_pb_column][et_pb_column type=&#8220;1_3&#8243; _builder_version=&#8220;4.19.1&#8243; _module_preset=&#8220;default&#8220; global_colors_info=&#8220;{}&#8220;][et_pb_text _builder_version=&#8220;4.21.0&#8243; _module_preset=&#8220;default&#8220; global_colors_info=&#8220;{}&#8220;]<\/p>\n<p><span>Schallschutz<\/span><br \/>BOSE WiFi-Lautsprecher gekoppelt mit Tablet mit Spotify<br \/>Kaffeemaschine \/ Nespresso-Kapseln<br \/>Hochwertige Bettw\u00e4sche<br \/>Geschirrsp\u00fcler<\/p>\n<p><strong>Die Wohnung ist f\u00fcr Personen mit eingeschr\u00e4nkter Mobilit\u00e4t nicht zug\u00e4nglich<\/strong><\/p>\n<p>[\/et_pb_text][\/et_pb_column][et_pb_column type=&#8220;1_3&#8243; _builder_version=&#8220;4.19.1&#8243; _module_preset=&#8220;default&#8220; global_colors_info=&#8220;{}&#8220;][et_pb_text _builder_version=&#8220;4.19.1&#8243; _module_preset=&#8220;default&#8220; global_colors_info=&#8220;{}&#8220;]<\/p>\n<p><span>Heizung und Klimaanlage<\/span><br \/><span>Badezimmer mit italienischer Dusche<\/span><br \/><span>Haartrockner<\/span><span><br \/>Nat\u00fcrliches Shampoo\/Gel, Seife und Feuchtigkeitscreme<br \/>Handt\u00fccher<br \/><\/span><\/p>\n<p>[\/et_pb_text][\/et_pb_column][\/et_pb_row][et_pb_row column_structure=&#8220;1_3,1_3,1_3&#8243; _builder_version=&#8220;4.16&#8243; custom_padding=&#8220;0|0px|27px|0px|false|false&#8220; global_colors_info=&#8220;{}&#8220;][et_pb_column type=&#8220;1_3&#8243; _builder_version=&#8220;4.16&#8243; custom_padding=&#8220;|||&#8220; global_colors_info=&#8220;{}&#8220; custom_padding__hover=&#8220;|||&#8220;][et_pb_number_counter title=&#8220;Doppelbett 160&#215;200&#8243; number=&#8220;1&#8243; percent_sign=&#8220;off&#8220; _builder_version=&#8220;4.21.0&#8243; title_font=&#8220;||||||||&#8220; title_text_color=&#8220;#666666&#8243; title_font_size=&#8220;14px&#8220; number_font=&#8220;Raleway|700|||||||&#8220; number_text_color=&#8220;#b2b9c4&#8243; number_font_size=&#8220;48px&#8220; number_line_height=&#8220;100px&#8220; locked=&#8220;off&#8220; global_colors_info=&#8220;{}&#8220;][\/et_pb_number_counter][\/et_pb_column][et_pb_column type=&#8220;1_3&#8243; _builder_version=&#8220;4.16&#8243; custom_padding=&#8220;|||&#8220; global_colors_info=&#8220;{}&#8220; custom_padding__hover=&#8220;|||&#8220;][et_pb_number_counter title=&#8220;Beistellbett&#8220; number=&#8220;1&#8243; percent_sign=&#8220;off&#8220; _builder_version=&#8220;4.19.1&#8243; title_font=&#8220;||||||||&#8220; title_text_color=&#8220;#666666&#8243; title_font_size=&#8220;14px&#8220; number_font=&#8220;Raleway|700|||||||&#8220; number_text_color=&#8220;#b2b9c4&#8243; number_font_size=&#8220;48px&#8220; number_line_height=&#8220;100px&#8220; locked=&#8220;off&#8220; global_colors_info=&#8220;{}&#8220;][\/et_pb_number_counter][\/et_pb_column][et_pb_column type=&#8220;1_3&#8243; _builder_version=&#8220;4.16&#8243; custom_padding=&#8220;|||&#8220; global_colors_info=&#8220;{}&#8220; custom_padding__hover=&#8220;|||&#8220;][et_pb_number_counter title=&#8220;Personen&#8220; number=&#8220;2\/3&#8243; percent_sign=&#8220;off&#8220; _builder_version=&#8220;4.19.1&#8243; title_font=&#8220;||||||||&#8220; title_text_color=&#8220;#666666&#8243; title_font_size=&#8220;14px&#8220; number_font=&#8220;Raleway|700|||||||&#8220; number_text_color=&#8220;#b2b9c4&#8243; number_font_size=&#8220;48px&#8220; number_line_height=&#8220;100px&#8220; locked=&#8220;off&#8220; global_colors_info=&#8220;{}&#8220;][\/et_pb_number_counter][\/et_pb_column][\/et_pb_row][et_pb_row _builder_version=&#8220;4.16&#8243; custom_padding=&#8220;||14px|||&#8220; global_colors_info=&#8220;{}&#8220;][et_pb_column type=&#8220;4_4&#8243; _builder_version=&#8220;4.16&#8243; custom_padding=&#8220;|||&#8220; global_colors_info=&#8220;{}&#8220; custom_padding__hover=&#8220;|||&#8220;][et_pb_button button_url=&#8220;https:\/\/secure.reservit.com\/fo\/booking\/2\/446704\/availability?specialMode=default&amp;langcode=FR&amp;__utmz=128918670.1658822727.1.1.utmcsr%3D(direct)%7Cutmccn%3D(direct)%7Cutmcmd%3D(none)&amp;custid=2&amp;_ga=GA1.3.489122673.1658822161&amp;__utmb=1.4.10.1658845967&amp;hotelid=439423&amp;__utmc=1&amp;m=booking&amp;__utma=128918670.489122673.1658822161.1658827099.1658842772.4&#8243; url_new_window=&#8220;on&#8220; button_text=&#8220;Einen Aufenthalt buchen&#8220; button_alignment=&#8220;center&#8220; _builder_version=&#8220;4.21.0&#8243; _module_preset=&#8220;default&#8220; custom_button=&#8220;on&#8220; button_text_color=&#8220;#FFFFFF&#8220; button_bg_color=&#8220;#333333&#8243; button_border_color=&#8220;RGBA(255,255,255,0)&#8220; global_colors_info=&#8220;{}&#8220;][\/et_pb_button][\/et_pb_column][\/et_pb_row][et_pb_row _builder_version=&#8220;4.16&#8243; custom_padding=&#8220;||14px|||&#8220; global_colors_info=&#8220;{}&#8220;][et_pb_column type=&#8220;4_4&#8243; _builder_version=&#8220;4.16&#8243; custom_padding=&#8220;|||&#8220; global_colors_info=&#8220;{}&#8220; custom_padding__hover=&#8220;|||&#8220;][et_pb_blurb use_icon=&#8220;on&#8220; font_icon=&#8220;&#xf1b9;||fa||900&#8243; icon_color=&#8220;#c3cfd6&#8243; icon_placement=&#8220;left&#8220; image_icon_width=&#8220;24px&#8220; _builder_version=&#8220;4.21.0&#8243; header_level=&#8220;h5&#8243; header_font=&#8220;Raleway|700|||||||&#8220; header_line_height=&#8220;1.4em&#8220; icon_font_size=&#8220;24px&#8220; global_colors_info=&#8220;{}&#8220;]<\/p>\n<p><strong>M\u00f6glichkeit eines \u00fcberdachten Parkplatzes in 200 m Entfernung gegen Aufpreis: + 10 \u20ac \/ Tag \/ Fahrzeug<\/strong><\/p>\n<p><strong> <\/strong><\/p>\n<p>[\/et_pb_blurb][et_pb_blurb use_icon=&#8220;on&#8220; font_icon=&#8220;&#xf206;||fa||900&#8243; icon_color=&#8220;#c3cfd6&#8243; icon_placement=&#8220;left&#8220; image_icon_width=&#8220;24px&#8220; _builder_version=&#8220;4.21.0&#8243; header_level=&#8220;h5&#8243; header_font=&#8220;Raleway|700|||||||&#8220; header_line_height=&#8220;1.4em&#8220; icon_font_size=&#8220;24px&#8220; global_colors_info=&#8220;{}&#8220;]<\/p>\n<p><strong>M\u00f6glichkeit, zwei Elektrofahrr\u00e4der zu mieten Hochwertige Mountainbikes &#8222;Cannondale&#8220;: + 40 \u20ac \/Fahrrad \/ Tag<\/strong><\/p>\n<p><strong> <\/strong><\/p>\n<p>[\/et_pb_blurb][\/et_pb_column][\/et_pb_row][et_pb_row _builder_version=&#8220;4.16&#8243; locked=&#8220;off&#8220; global_colors_info=&#8220;{}&#8220;][et_pb_column type=&#8220;4_4&#8243; _builder_version=&#8220;4.16&#8243; custom_padding=&#8220;|||&#8220; global_colors_info=&#8220;{}&#8220; custom_padding__hover=&#8220;|||&#8220;][et_pb_image src=&#8220;https:\/\/rive-petite-venise.com\/wp-content\/uploads\/2023\/03\/3-@_DSC4291-bis.jpg&#8220; title_text=&#8220;3-@_DSC4291-bis&#8220; _builder_version=&#8220;4.20.2&#8243; _module_preset=&#8220;default&#8220; global_colors_info=&#8220;{}&#8220;][\/et_pb_image][\/et_pb_column][\/et_pb_row][et_pb_row column_structure=&#8220;1_4,1_4,1_4,1_4&#8243; use_custom_gutter=&#8220;on&#8220; gutter_width=&#8220;2&#8243; _builder_version=&#8220;4.16&#8243; locked=&#8220;off&#8220; global_colors_info=&#8220;{}&#8220;][et_pb_column type=&#8220;1_4&#8243; _builder_version=&#8220;4.16&#8243; custom_padding=&#8220;|||&#8220; global_colors_info=&#8220;{}&#8220; custom_padding__hover=&#8220;|||&#8220;][et_pb_image src=&#8220;https:\/\/rive-petite-venise.com\/wp-content\/uploads\/2023\/03\/3-@_DSC4294.jpg&#8220; title_text=&#8220;3-@_DSC4294&#8243; show_in_lightbox=&#8220;on&#8220; use_overlay=&#8220;on&#8220; overlay_icon_color=&#8220;#b2b9c4&#8243; align_tablet=&#8220;center&#8220; align_phone=&#8220;center&#8220; align_last_edited=&#8220;on|desktop&#8220; _builder_version=&#8220;4.20.2&#8243; global_colors_info=&#8220;{}&#8220;][\/et_pb_image][\/et_pb_column][et_pb_column type=&#8220;1_4&#8243; _builder_version=&#8220;4.16&#8243; custom_padding=&#8220;|||&#8220; global_colors_info=&#8220;{}&#8220; custom_padding__hover=&#8220;|||&#8220;][et_pb_image src=&#8220;https:\/\/rive-petite-venise.com\/wp-content\/uploads\/2023\/03\/3-@_DSC4333bis.jpg&#8220; title_text=&#8220;3-@_DSC4333bis&#8220; show_in_lightbox=&#8220;on&#8220; use_overlay=&#8220;on&#8220; overlay_icon_color=&#8220;#b2b9c4&#8243; align_tablet=&#8220;center&#8220; align_phone=&#8220;center&#8220; align_last_edited=&#8220;on|desktop&#8220; _builder_version=&#8220;4.20.2&#8243; locked=&#8220;off&#8220; global_colors_info=&#8220;{}&#8220;][\/et_pb_image][\/et_pb_column][et_pb_column type=&#8220;1_4&#8243; _builder_version=&#8220;4.16&#8243; custom_padding=&#8220;|||&#8220; global_colors_info=&#8220;{}&#8220; custom_padding__hover=&#8220;|||&#8220;][et_pb_image src=&#8220;https:\/\/rive-petite-venise.com\/wp-content\/uploads\/2023\/03\/3-@_DSC4278-bis.jpg&#8220; title_text=&#8220;3-@_DSC4278-bis&#8220; show_in_lightbox=&#8220;on&#8220; use_overlay=&#8220;on&#8220; overlay_icon_color=&#8220;#b2b9c4&#8243; align_tablet=&#8220;center&#8220; align_phone=&#8220;center&#8220; align_last_edited=&#8220;on|desktop&#8220; _builder_version=&#8220;4.20.2&#8243; locked=&#8220;off&#8220; global_colors_info=&#8220;{}&#8220;][\/et_pb_image][\/et_pb_column][et_pb_column type=&#8220;1_4&#8243; _builder_version=&#8220;4.16&#8243; custom_padding=&#8220;|||&#8220; global_colors_info=&#8220;{}&#8220; custom_padding__hover=&#8220;|||&#8220;][et_pb_image src=&#8220;https:\/\/rive-petite-venise.com\/wp-content\/uploads\/2023\/03\/3-@_DSC4331bis.jpg&#8220; title_text=&#8220;3-@_DSC4331bis&#8220; show_in_lightbox=&#8220;on&#8220; use_overlay=&#8220;on&#8220; overlay_icon_color=&#8220;#b2b9c4&#8243; align_tablet=&#8220;center&#8220; align_phone=&#8220;center&#8220; align_last_edited=&#8220;on|desktop&#8220; _builder_version=&#8220;4.20.2&#8243; locked=&#8220;off&#8220; global_colors_info=&#8220;{}&#8220;][\/et_pb_image][\/et_pb_column][\/et_pb_row][et_pb_row _builder_version=&#8220;4.21.0&#8243; _module_preset=&#8220;default&#8220; global_colors_info=&#8220;{}&#8220;][et_pb_column type=&#8220;4_4&#8243; _builder_version=&#8220;4.21.0&#8243; _module_preset=&#8220;default&#8220; global_colors_info=&#8220;{}&#8220;][et_pb_button button_url=&#8220;https:\/\/secure.reservit.com\/fo\/booking\/2\/446704\/availability?specialMode=default&amp;langcode=FR&amp;__utmz=128918670.1658822727.1.1.utmcsr%3D(direct)%7Cutmccn%3D(direct)%7Cutmcmd%3D(none)&amp;custid=2&amp;_ga=GA1.3.489122673.1658822161&amp;__utmb=1.4.10.1658845967&amp;hotelid=439423&amp;__utmc=1&amp;m=booking&amp;__utma=128918670.489122673.1658822161.1658827099.1658842772.4&#8243; url_new_window=&#8220;on&#8220; button_text=&#8220;Einen Aufenthalt buchen&#8220; button_alignment=&#8220;center&#8220; _builder_version=&#8220;4.21.0&#8243; _module_preset=&#8220;default&#8220; custom_button=&#8220;on&#8220; button_text_color=&#8220;#FFFFFF&#8220; button_bg_color=&#8220;#333333&#8243; button_border_color=&#8220;RGBA(255,255,255,0)&#8220; global_colors_info=&#8220;{}&#8220;][\/et_pb_button][\/et_pb_column][\/et_pb_row][\/et_pb_section][et_pb_section fb_built=&#8220;1&#8243; admin_label=&#8220;Testimonials&#8220; _builder_version=&#8220;4.20.2&#8243; use_background_color_gradient=&#8220;on&#8220; background_color_gradient_stops=&#8220;rgba(106,125,140,0.5) 100%|#6a7d8c 100%&#8220; background_color_gradient_overlays_image=&#8220;on&#8220; background_color_gradient_start=&#8220;rgba(106,125,140,0.5)&#8220; background_color_gradient_end=&#8220;#6a7d8c&#8220; background_image=&#8220;https:\/\/rive-petite-venise.com\/wp-content\/uploads\/2023\/03\/3-@_DSC4319.jpg&#8220; min_height=&#8220;582px&#8220; height=&#8220;585px&#8220; custom_padding=&#8220;0vw|0px|0vw|0px|true|false&#8220; da_disable_devices=&#8220;off|off|off&#8220; global_module=&#8220;521&#8243; saved_tabs=&#8220;all&#8220; global_colors_info=&#8220;{}&#8220; da_is_popup=&#8220;off&#8220; da_exit_intent=&#8220;off&#8220; da_has_close=&#8220;on&#8220; da_alt_close=&#8220;off&#8220; da_dark_close=&#8220;off&#8220; da_not_modal=&#8220;on&#8220; da_is_singular=&#8220;off&#8220; da_with_loader=&#8220;off&#8220; da_has_shadow=&#8220;on&#8220;][et_pb_row _builder_version=&#8220;4.16&#8243; global_colors_info=&#8220;{}&#8220;][et_pb_column type=&#8220;4_4&#8243; _builder_version=&#8220;4.16&#8243; custom_padding=&#8220;|||&#8220; global_colors_info=&#8220;{}&#8220; custom_padding__hover=&#8220;|||&#8220;][et_pb_text _builder_version=&#8220;4.21.0&#8243; _module_preset=&#8220;default&#8220; header_2_text_color=&#8220;#FFFFFF&#8220; header_2_font_size=&#8220;36px&#8220; custom_padding=&#8220;44px|||||&#8220; header_2_font_size_tablet=&#8220;&#8220; header_2_font_size_phone=&#8220;24px&#8220; header_2_font_size_last_edited=&#8220;on|phone&#8220; global_colors_info=&#8220;{}&#8220;]<\/p>\n<h2 class=\"LC20lb MBeuO DKV0Md\" style=\"text-align: center;\"><strong>Unsere Kundenbewertungen<\/strong><\/h2>\n<p>[\/et_pb_text][et_pb_code _builder_version=&#8220;4.19.1&#8243; _module_preset=&#8220;default&#8220; global_colors_info=&#8220;{}&#8220;]<div class=\"strong-view strong-view-id-1 modern wpmtst-modern slider-container slider-mode-horizontal slider-adaptive controls-style-buttons nav-position-inside\" data-count=2 data-slider-var=strong_slider_id_1 data-state=idle><div class=\"strong-content wpmslider-content\"><div class=\"wpmtst-testimonial testimonial t-slide post-1157\"><div class=\"wpmtst-testimonial-inner testimonial-inner\"><div data-infinite-loop=\"true\"  class=\"wpmtst-testimonial-content  testimonial-content\"><h3 class=\"wpmtst-testimonial-heading testimonial-heading\">Pierre Lema\u00eetre<\/h3><p>&#8222;Sehr gut gelegen, um Colmar zu besichtigen. Luxuswohnung, raffinierte Dekoration. Zu empfehlen&#8220;<\/p><\/div><div class=\"clear\"><\/div><\/div><\/div><div class=\"wpmtst-testimonial testimonial t-slide post-1158\"><div class=\"wpmtst-testimonial-inner testimonial-inner\"><div data-infinite-loop=\"true\"  class=\"wpmtst-testimonial-content  testimonial-content\"><h3 class=\"wpmtst-testimonial-heading testimonial-heading\">Margot<\/h3><p>&#8222;Super Wohnung und sehr gut gelegen im Zentrum der Altstadt von Colmar. Top, absolut empfehlenswert!&#8220;.  <\/p><\/div><div class=\"wpmtst-testimonial-field testimonial-field testimonial-name\">Margot<\/div><div class=\"clear\"><\/div><\/div><\/div><\/div><\/div>.[\/et_pb_code][\/et_pb_column][\/et_pb_row][\/et_pb_section]<\/p>\n","protected":false},"excerpt":{"rendered":"<p>Wohnung 3. StockDieses 46 m2 gro\u00dfe Apartment empf\u00e4ngt Sie in einem modernen Ambiente.Es ist ger\u00e4umig und elegant und besteht aus einer voll ausgestatteten K\u00fcche, einem Badezimmer in raffiniertem Design mit begehbarer Dusche, einem Wohn-\/Arbeitsbereich sowie einem Schlafzimmer mit hochwertiger Bettw\u00e4sche. M\u00f6glichkeit eines Zusatzbetts.WiFiTresorFlachbildfernseherIntegrierte KlimaanlageAufzugTiere sind nicht erlaubtIm Haus und in den Wohnungen ist das Rauchen [&hellip;]<\/p>\n","protected":false},"author":1,"featured_media":0,"parent":0,"menu_order":0,"comment_status":"closed","ping_status":"closed","template":"","meta":{"_et_pb_use_builder":"on","_et_pb_old_content":"","_et_gb_content_width":"","footnotes":""},"class_list":["post-1099","page","type-page","status-publish","hentry"],"aioseo_notices":[],"jetpack_sharing_enabled":true,"_links":{"self":[{"href":"https:\/\/rive-petite-venise.com\/de\/wp-json\/wp\/v2\/pages\/1099","targetHints":{"allow":["GET"]}}],"collection":[{"href":"https:\/\/rive-petite-venise.com\/de\/wp-json\/wp\/v2\/pages"}],"about":[{"href":"https:\/\/rive-petite-venise.com\/de\/wp-json\/wp\/v2\/types\/page"}],"author":[{"embeddable":true,"href":"https:\/\/rive-petite-venise.com\/de\/wp-json\/wp\/v2\/users\/1"}],"replies":[{"embeddable":true,"href":"https:\/\/rive-petite-venise.com\/de\/wp-json\/wp\/v2\/comments?post=1099"}],"version-history":[{"count":40,"href":"https:\/\/rive-petite-venise.com\/de\/wp-json\/wp\/v2\/pages\/1099\/revisions"}],"predecessor-version":[{"id":3131,"href":"https:\/\/rive-petite-venise.com\/de\/wp-json\/wp\/v2\/pages\/1099\/revisions\/3131"}],"wp:attachment":[{"href":"https:\/\/rive-petite-venise.com\/de\/wp-json\/wp\/v2\/media?parent=1099"}],"curies":[{"name":"wp","href":"https:\/\/api.w.org\/{rel}","templated":true}]}}