{"id":1030,"date":"2022-10-24T15:32:39","date_gmt":"2022-10-24T15:32:39","guid":{"rendered":"https:\/\/rive-petite-venise.com\/fahrradroute\/"},"modified":"2023-06-16T22:03:56","modified_gmt":"2023-06-16T22:03:56","slug":"fahrradroute","status":"publish","type":"page","link":"https:\/\/rive-petite-venise.com\/de\/fahrradroute\/","title":{"rendered":"Fahrradroute"},"content":{"rendered":"<p>[et_pb_section fb_built=&#8220;1&#8243; admin_label=&#8220;Header&#8220; _builder_version=&#8220;4.18.0&#8243; use_background_color_gradient=&#8220;on&#8220; background_color_gradient_type=&#8220;circular&#8220; background_color_gradient_direction_radial=&#8220;top left&#8220; background_color_gradient_stops=&#8220;rgba(255,255,255,0.89) 30%|rgba(255,255,255,0) 80%&#8220; background_color_gradient_overlays_image=&#8220;on&#8220; background_color_gradient_start=&#8220;rgba(255,255,255,0.89)&#8220; background_color_gradient_start_position=&#8220;30%&#8220; background_color_gradient_end=&#8220;rgba(255,255,255,0)&#8220; background_color_gradient_end_position=&#8220;80%&#8220; background_image=&#8220;https:\/\/rive-petite-venise.com\/wp-content\/uploads\/2022\/10\/ruta-bici-vino-alsacia.jpg&#8220; custom_margin=&#8220;|||&#8220; custom_padding=&#8220;8vw||8vw||true&#8220; da_disable_devices=&#8220;off|off|off&#8220; global_colors_info=&#8220;{}&#8220; da_is_popup=&#8220;off&#8220; da_exit_intent=&#8220;off&#8220; da_has_close=&#8220;on&#8220; da_alt_close=&#8220;off&#8220; da_dark_close=&#8220;off&#8220; da_not_modal=&#8220;on&#8220; da_is_singular=&#8220;off&#8220; da_with_loader=&#8220;off&#8220; da_has_shadow=&#8220;on&#8220;][et_pb_row column_structure=&#8220;3_4,1_4&#8243; _builder_version=&#8220;4.16&#8243; global_colors_info=&#8220;{}&#8220;][et_pb_column type=&#8220;3_4&#8243; _builder_version=&#8220;4.16&#8243; custom_padding=&#8220;|||&#8220; global_colors_info=&#8220;{}&#8220; custom_padding__hover=&#8220;|||&#8220;][et_pb_text _builder_version=&#8220;4.18.0&#8243; text_font=&#8220;||||||||&#8220; header_font=&#8220;Raleway|700|||||||&#8220; header_font_size=&#8220;80px&#8220; header_line_height=&#8220;1.2em&#8220; header_5_font=&#8220;Raleway|700||on|||||&#8220; header_5_text_color=&#8220;#000000&#8243; header_5_font_size=&#8220;20px&#8220; header_5_letter_spacing=&#8220;0.5em&#8220; header_5_line_height=&#8220;1.8em&#8220; animation_style=&#8220;zoom&#8220; animation_intensity_zoom=&#8220;5%&#8220; header_font_size_tablet=&#8220;48px&#8220; header_font_size_phone=&#8220;32px&#8220; header_font_size_last_edited=&#8220;on|phone&#8220; header_5_font_size_tablet=&#8220;14px&#8220; header_5_font_size_phone=&#8220;12px&#8220; header_5_font_size_last_edited=&#8220;on|desktop&#8220; global_colors_info=&#8220;{}&#8220;]<\/p>\n<h5>Die Fahrrad-Tourismus-Strecken<\/h5>\n<h1>Fahrradroute<\/h1>\n<p>[\/et_pb_text][\/et_pb_column][et_pb_column type=&#8220;1_4&#8243; _builder_version=&#8220;4.16&#8243; custom_padding=&#8220;|||&#8220; global_colors_info=&#8220;{}&#8220; custom_padding__hover=&#8220;|||&#8220;][et_pb_button url_new_window=&#8220;on&#8220; button_text=&#8220;Einen Aufenthalt buchen&#8220; button_alignment=&#8220;center&#8220; _builder_version=&#8220;4.21.0&#8243; _module_preset=&#8220;default&#8220; custom_button=&#8220;on&#8220; button_text_color=&#8220;#FFFFFF&#8220; button_bg_color=&#8220;#333333&#8243; button_border_color=&#8220;RGBA(255,255,255,0)&#8220; hover_enabled=&#8220;0&#8243; global_colors_info=&#8220;{}&#8220; button_url=&#8220;https:\/\/secure.reservit.com\/fo\/booking\/2\/446704\/availability?specialMode=default&#038;langcode=FR&#038;__utmz=128918670.1658822727.1.1.utmcsr%3D(direct)%7Cutmccn%3D(direct)%7Cutmcmd%3D(none)&#038;custid=2&#038;_ga=GA1.3.489122673.1658822161&#038;__utmb=1.4.10.1658845967&#038;hotelid=439423&#038;__utmc=1&#038;m=booking&#038;__utma=128918670.489122673.1658822161.1658827099.1658842772.4&#8243; sticky_enabled=&#8220;0&#8243;][\/et_pb_button][\/et_pb_column][\/et_pb_row][\/et_pb_section][et_pb_section fb_built=&#8220;1&#8243; admin_label=&#8220;About&#8220; _builder_version=&#8220;4.16&#8243; custom_padding=&#8220;||0px|||&#8220; da_disable_devices=&#8220;off|off|off&#8220; global_colors_info=&#8220;{}&#8220; da_is_popup=&#8220;off&#8220; da_exit_intent=&#8220;off&#8220; da_has_close=&#8220;on&#8220; da_alt_close=&#8220;off&#8220; da_dark_close=&#8220;off&#8220; da_not_modal=&#8220;on&#8220; da_is_singular=&#8220;off&#8220; da_with_loader=&#8220;off&#8220; da_has_shadow=&#8220;on&#8220;][et_pb_row custom_padding_last_edited=&#8220;on|desktop&#8220; _builder_version=&#8220;4.16&#8243; custom_padding=&#8220;27px|100px|27px|100px|false|false&#8220; custom_padding_tablet=&#8220;|0px||0px||true&#8220; custom_padding_phone=&#8220;&#8220; global_colors_info=&#8220;{}&#8220;][et_pb_column type=&#8220;4_4&#8243; _builder_version=&#8220;4.16&#8243; custom_padding=&#8220;|||&#8220; global_colors_info=&#8220;{}&#8220; custom_padding__hover=&#8220;|||&#8220;][et_pb_text _builder_version=&#8220;4.18.0&#8243; text_font=&#8220;||||||||&#8220; text_font_size=&#8220;16px&#8220; text_line_height=&#8220;2em&#8220; header_font=&#8220;||||||||&#8220; header_2_font=&#8220;Raleway|700|||||||&#8220; header_2_font_size=&#8220;50px&#8220; header_2_line_height=&#8220;1.2em&#8220; header_6_font=&#8220;Raleway|700||on|||||&#8220; header_6_font_size=&#8220;16px&#8220; header_6_letter_spacing=&#8220;5px&#8220; header_6_line_height=&#8220;1.8em&#8220; text_orientation=&#8220;center&#8220; max_width=&#8220;700px&#8220; max_width_last_edited=&#8220;off|desktop&#8220; module_alignment=&#8220;center&#8220; text_font_size_tablet=&#8220;16px&#8220; text_font_size_phone=&#8220;14px&#8220; text_font_size_last_edited=&#8220;on|phone&#8220; text_line_height_tablet=&#8220;2em&#8220; text_line_height_phone=&#8220;1.6em&#8220; text_line_height_last_edited=&#8220;on|phone&#8220; header_2_font_size_tablet=&#8220;35px&#8220; header_2_font_size_phone=&#8220;26px&#8220; header_2_font_size_last_edited=&#8220;on|phone&#8220; global_colors_info=&#8220;{}&#8220;]<\/p>\n<h2>Fahrradausflug in die els\u00e4ssischen Weinberge<\/h2>\n<p><span>Entdecken Sie das Elsass entlang der Fahrradroute &#8222;V\u00e9loroute du Vignoble&#8220; zwischen Weinbergen und blumengeschm\u00fcckten D\u00f6rfern von Stra\u00dfburg bis Colmar.<\/span><\/p>\n<p>[\/et_pb_text][\/et_pb_column][\/et_pb_row][\/et_pb_section][et_pb_section fb_built=&#8220;1&#8243; _builder_version=&#8220;4.19.1&#8243; _module_preset=&#8220;default&#8220; custom_padding=&#8220;18px|||||&#8220; da_disable_devices=&#8220;off|off|off&#8220; global_colors_info=&#8220;{}&#8220; da_is_popup=&#8220;off&#8220; da_exit_intent=&#8220;off&#8220; da_has_close=&#8220;on&#8220; da_alt_close=&#8220;off&#8220; da_dark_close=&#8220;off&#8220; da_not_modal=&#8220;on&#8220; da_is_singular=&#8220;off&#8220; da_with_loader=&#8220;off&#8220; da_has_shadow=&#8220;on&#8220;][et_pb_row column_structure=&#8220;1_2,1_2&#8243; _builder_version=&#8220;4.19.1&#8243; _module_preset=&#8220;default&#8220; custom_css_main_element=&#8220;display: flex;||flex-wrap: wrap;&#8220; global_colors_info=&#8220;{}&#8220;][et_pb_column type=&#8220;1_2&#8243; _builder_version=&#8220;4.19.1&#8243; _module_preset=&#8220;default&#8220; global_colors_info=&#8220;{}&#8220; custom_css_main_element_last_edited=&#8220;on|tablet&#8220; custom_css_main_element_tablet=&#8220;order: 2;&#8220; custom_css_main_element_phone=&#8220;order: 2;&#8220;][et_pb_image src=&#8220;https:\/\/rive-petite-venise.com\/wp-content\/uploads\/2022\/10\/veloroute-canal-bruche.jpg&#8220; title_text=&#8220;veloroute-canal-bruche&#8220; align_tablet=&#8220;center&#8220; align_phone=&#8220;center&#8220; align_last_edited=&#8220;on|desktop&#8220; _builder_version=&#8220;4.18.0&#8243; locked=&#8220;off&#8220; global_colors_info=&#8220;{}&#8220;][\/et_pb_image][\/et_pb_column][et_pb_column type=&#8220;1_2&#8243; _builder_version=&#8220;4.19.1&#8243; _module_preset=&#8220;default&#8220; global_colors_info=&#8220;{}&#8220;][et_pb_text _builder_version=&#8220;4.18.0&#8243; _module_preset=&#8220;default&#8220; header_2_font_size=&#8220;28px&#8220; custom_margin=&#8220;||5px|||&#8220; global_colors_info=&#8220;{}&#8220;]<\/p>\n<h2><strong>Suche nach einer Route<\/strong><\/h2>\n<p>[\/et_pb_text][et_pb_text _builder_version=&#8220;4.18.0&#8243; text_font=&#8220;||||||||&#8220; text_font_size=&#8220;16px&#8220; text_line_height=&#8220;2em&#8220; ul_font=&#8220;||||||||&#8220; ul_line_height=&#8220;2em&#8220; header_font=&#8220;||||||||&#8220; header_3_font=&#8220;Raleway|700|||||||&#8220; header_3_font_size=&#8220;40px&#8220; header_3_line_height=&#8220;1.4em&#8220; header_6_line_height=&#8220;1.8em&#8220; text_font_size_tablet=&#8220;16px&#8220; text_font_size_phone=&#8220;14px&#8220; text_font_size_last_edited=&#8220;on|phone&#8220; text_line_height_tablet=&#8220;2em&#8220; text_line_height_phone=&#8220;1.6em&#8220; text_line_height_last_edited=&#8220;on|phone&#8220; header_3_font_size_tablet=&#8220;35px&#8220; header_3_font_size_phone=&#8220;25px&#8220; header_3_font_size_last_edited=&#8220;on|phone&#8220; locked=&#8220;off&#8220; global_colors_info=&#8220;{}&#8220;]<\/p>\n<p>Suchen Sie unter allen von Alsace \u00e0 v\u00e9lo vorgeschlagenen Routen die passende Radtour oder den passenden Ausflug.<\/p>\n<p>[\/et_pb_text][et_pb_button button_url=&#8220;https:\/\/www.alsaceavelo.fr\/itineraires\/boucles\/boucles-locales.html&#8220; url_new_window=&#8220;on&#8220; button_text=&#8220;Routen ansehen&#8220; _builder_version=&#8220;4.20.2&#8243; _module_preset=&#8220;default&#8220; custom_button=&#8220;on&#8220; button_text_size=&#8220;19px&#8220; button_text_color=&#8220;#A33F1F&#8220; custom_margin_tablet=&#8220;||30px||false|false&#8220; custom_margin_phone=&#8220;||30px||false|false&#8220; custom_margin_last_edited=&#8220;on|tablet&#8220; global_colors_info=&#8220;{}&#8220;][\/et_pb_button][\/et_pb_column][\/et_pb_row][\/et_pb_section][et_pb_section fb_built=&#8220;1&#8243; _builder_version=&#8220;4.19.1&#8243; _module_preset=&#8220;default&#8220; custom_padding=&#8220;0px|||||&#8220; da_disable_devices=&#8220;off|off|off&#8220; global_colors_info=&#8220;{}&#8220; da_is_popup=&#8220;off&#8220; da_exit_intent=&#8220;off&#8220; da_has_close=&#8220;on&#8220; da_alt_close=&#8220;off&#8220; da_dark_close=&#8220;off&#8220; da_not_modal=&#8220;on&#8220; da_is_singular=&#8220;off&#8220; da_with_loader=&#8220;off&#8220; da_has_shadow=&#8220;on&#8220;][et_pb_row column_structure=&#8220;1_2,1_2&#8243; _builder_version=&#8220;4.19.1&#8243; _module_preset=&#8220;default&#8220; global_colors_info=&#8220;{}&#8220;][et_pb_column type=&#8220;1_2&#8243; _builder_version=&#8220;4.19.1&#8243; _module_preset=&#8220;default&#8220; global_colors_info=&#8220;{}&#8220;][et_pb_text _builder_version=&#8220;4.18.0&#8243; _module_preset=&#8220;default&#8220; header_2_font_size=&#8220;28px&#8220; custom_margin=&#8220;||5px|||&#8220; global_colors_info=&#8220;{}&#8220;]<\/p>\n<h2><strong>V\u00e9loroute du vignoble (Fahrradweg durch die Weinberge)<\/strong><\/h2>\n<p>[\/et_pb_text][et_pb_text _builder_version=&#8220;4.18.0&#8243; text_font=&#8220;||||||||&#8220; text_font_size=&#8220;16px&#8220; text_line_height=&#8220;2em&#8220; ul_font=&#8220;||||||||&#8220; ul_line_height=&#8220;2em&#8220; header_font=&#8220;||||||||&#8220; header_3_font=&#8220;Raleway|700|||||||&#8220; header_3_font_size=&#8220;40px&#8220; header_3_line_height=&#8220;1.4em&#8220; header_6_line_height=&#8220;1.8em&#8220; text_font_size_tablet=&#8220;16px&#8220; text_font_size_phone=&#8220;14px&#8220; text_font_size_last_edited=&#8220;on|phone&#8220; text_line_height_tablet=&#8220;2em&#8220; text_line_height_phone=&#8220;1.6em&#8220; text_line_height_last_edited=&#8220;on|phone&#8220; header_3_font_size_tablet=&#8220;35px&#8220; header_3_font_size_phone=&#8220;25px&#8220; header_3_font_size_last_edited=&#8220;on|phone&#8220; locked=&#8220;off&#8220; global_colors_info=&#8220;{}&#8220;]<\/p>\n<p>Parallel zur Els\u00e4ssischen Weinstra\u00dfe f\u00fchrt die V\u00ealoroute du Vignoble durch eine Postkartenlandschaft&#8230;<\/p>\n<p>[\/et_pb_text][et_pb_button button_url=&#8220;https:\/\/www.alsaceavelo.fr\/itineraires\/veloroute.html&#8220; url_new_window=&#8220;on&#8220; button_text=&#8220;Routen ansehen&#8220; _builder_version=&#8220;4.20.2&#8243; _module_preset=&#8220;default&#8220; custom_button=&#8220;on&#8220; button_text_size=&#8220;19px&#8220; button_text_color=&#8220;#A33F1F&#8220; global_colors_info=&#8220;{}&#8220;][\/et_pb_button][\/et_pb_column][et_pb_column type=&#8220;1_2&#8243; _builder_version=&#8220;4.19.1&#8243; _module_preset=&#8220;default&#8220; global_colors_info=&#8220;{}&#8220;][et_pb_image src=&#8220;https:\/\/rive-petite-venise.com\/wp-content\/uploads\/2022\/10\/vignoble2\u00a9ADT-Infra.jpg&#8220; title_text=&#8220;vignoble2\u00a9ADT-Infra&#8220; align_tablet=&#8220;center&#8220; align_phone=&#8220;center&#8220; align_last_edited=&#8220;on|desktop&#8220; _builder_version=&#8220;4.18.0&#8243; locked=&#8220;off&#8220; global_colors_info=&#8220;{}&#8220;][\/et_pb_image][\/et_pb_column][\/et_pb_row][\/et_pb_section][et_pb_section fb_built=&#8220;1&#8243; _builder_version=&#8220;4.19.1&#8243; _module_preset=&#8220;default&#8220; custom_padding=&#8220;0px|||||&#8220; da_disable_devices=&#8220;off|off|off&#8220; global_colors_info=&#8220;{}&#8220; da_is_popup=&#8220;off&#8220; da_exit_intent=&#8220;off&#8220; da_has_close=&#8220;on&#8220; da_alt_close=&#8220;off&#8220; da_dark_close=&#8220;off&#8220; da_not_modal=&#8220;on&#8220; da_is_singular=&#8220;off&#8220; da_with_loader=&#8220;off&#8220; da_has_shadow=&#8220;on&#8220;][et_pb_row column_structure=&#8220;1_2,1_2&#8243; _builder_version=&#8220;4.19.1&#8243; _module_preset=&#8220;default&#8220; custom_css_main_element=&#8220;display: flex;||flex-wrap: wrap;&#8220; global_colors_info=&#8220;{}&#8220;][et_pb_column type=&#8220;1_2&#8243; _builder_version=&#8220;4.19.1&#8243; _module_preset=&#8220;default&#8220; global_colors_info=&#8220;{}&#8220; custom_css_main_element_last_edited=&#8220;on|tablet&#8220; custom_css_main_element_tablet=&#8220;order: 2;&#8220; custom_css_main_element_phone=&#8220;order: 2;&#8220;][et_pb_image src=&#8220;https:\/\/rive-petite-venise.com\/wp-content\/uploads\/2022\/11\/vtt-Rive-petite-venise-3.png&#8220; title_text=&#8220;mountainbike Rive petite venise 3&#8243; align_tablet=&#8220;center&#8220; align_phone=&#8220;center&#8220; align_last_edited=&#8220;on|desktop&#8220; _builder_version=&#8220;4.19.0&#8243; locked=&#8220;off&#8220; global_colors_info=&#8220;{}&#8220;][\/et_pb_image][\/et_pb_column][et_pb_column type=&#8220;1_2&#8243; _builder_version=&#8220;4.19.1&#8243; _module_preset=&#8220;default&#8220; global_colors_info=&#8220;{}&#8220;][et_pb_text _builder_version=&#8220;4.18.0&#8243; _module_preset=&#8220;default&#8220; header_2_font_size=&#8220;28px&#8220; custom_margin=&#8220;||5px|||&#8220; global_colors_info=&#8220;{}&#8220;]<\/p>\n<h2><strong>Mountainbiking im Haut-Rhin<\/strong><\/h2>\n<p>[\/et_pb_text][et_pb_text _builder_version=&#8220;4.19.1&#8243; text_font=&#8220;||||||||&#8220; text_font_size=&#8220;16px&#8220; text_line_height=&#8220;2em&#8220; ul_font=&#8220;||||||||&#8220; ul_line_height=&#8220;2em&#8220; header_font=&#8220;||||||||&#8220; header_3_font=&#8220;Raleway|700|||||||&#8220; header_3_font_size=&#8220;40px&#8220; header_3_line_height=&#8220;1.4em&#8220; header_6_line_height=&#8220;1.8em&#8220; text_font_size_tablet=&#8220;16px&#8220; text_font_size_phone=&#8220;14px&#8220; text_font_size_last_edited=&#8220;on|phone&#8220; text_line_height_tablet=&#8220;2em&#8220; text_line_height_phone=&#8220;1.6em&#8220; text_line_height_last_edited=&#8220;on|phone&#8220; header_3_font_size_tablet=&#8220;35px&#8220; header_3_font_size_phone=&#8220;25px&#8220; header_3_font_size_last_edited=&#8220;on|phone&#8220; locked=&#8220;off&#8220; global_colors_info=&#8220;{}&#8220;]<\/p>\n<p>Sch\u00f6ne und lange Wanderwege f\u00fcr Experten, Fortgeschrittene und Anf\u00e4nger.<\/p>\n<p>Entdecken Sie mehr als 40 Touren in der N\u00e4he von Colmar.<\/p>\n<p>Einige Touren erfordern eine gute k\u00f6rperliche Verfassung und ein gutes Fahrk\u00f6nnen.<\/p>\n<p>[\/et_pb_text][et_pb_button button_url=&#8220;https:\/\/www.komoot.com\/fr-fr\/discover\/Colmar\/@48.0777517%2C7.3579641\/tours?max_distance=9722&#038;sport=mtb&#8220; url_new_window=&#8220;on&#8220; button_text=&#8220;Routen ansehen&#8220; _builder_version=&#8220;4.20.2&#8243; _module_preset=&#8220;default&#8220; custom_button=&#8220;on&#8220; button_text_size=&#8220;19px&#8220; button_text_color=&#8220;#A33F1F&#8220; custom_margin_tablet=&#8220;||30px||false|false&#8220; custom_margin_phone=&#8220;||30px||false|false&#8220; custom_margin_last_edited=&#8220;on|tablet&#8220; global_colors_info=&#8220;{}&#8220;][\/et_pb_button][\/et_pb_column][\/et_pb_row][\/et_pb_section]<\/p>\n","protected":false},"excerpt":{"rendered":"<p>Die Fahrrad-Tourismus-Strecken FahrradrouteFahrradausflug in die els\u00e4ssischen Weinberge Entdecken Sie das Elsass entlang der Fahrradroute &#8222;V\u00e9loroute du Vignoble&#8220; zwischen Weinbergen und blumengeschm\u00fcckten D\u00f6rfern von Stra\u00dfburg bis Colmar.Suche nach einer RouteSuchen Sie unter allen von Alsace \u00e0 v\u00e9lo vorgeschlagenen Routen die passende Radtour oder den passenden Ausflug.V\u00e9loroute du vignoble (Fahrradweg durch die Weinberge)Parallel zur Els\u00e4ssischen Weinstra\u00dfe f\u00fchrt [&hellip;]<\/p>\n","protected":false},"author":1,"featured_media":0,"parent":0,"menu_order":0,"comment_status":"closed","ping_status":"closed","template":"","meta":{"_et_pb_use_builder":"on","_et_pb_old_content":"","_et_gb_content_width":"","footnotes":""},"class_list":["post-1030","page","type-page","status-publish","hentry"],"aioseo_notices":[],"jetpack_sharing_enabled":true,"_links":{"self":[{"href":"https:\/\/rive-petite-venise.com\/de\/wp-json\/wp\/v2\/pages\/1030","targetHints":{"allow":["GET"]}}],"collection":[{"href":"https:\/\/rive-petite-venise.com\/de\/wp-json\/wp\/v2\/pages"}],"about":[{"href":"https:\/\/rive-petite-venise.com\/de\/wp-json\/wp\/v2\/types\/page"}],"author":[{"embeddable":true,"href":"https:\/\/rive-petite-venise.com\/de\/wp-json\/wp\/v2\/users\/1"}],"replies":[{"embeddable":true,"href":"https:\/\/rive-petite-venise.com\/de\/wp-json\/wp\/v2\/comments?post=1030"}],"version-history":[{"count":21,"href":"https:\/\/rive-petite-venise.com\/de\/wp-json\/wp\/v2\/pages\/1030\/revisions"}],"predecessor-version":[{"id":3106,"href":"https:\/\/rive-petite-venise.com\/de\/wp-json\/wp\/v2\/pages\/1030\/revisions\/3106"}],"wp:attachment":[{"href":"https:\/\/rive-petite-venise.com\/de\/wp-json\/wp\/v2\/media?parent=1030"}],"curies":[{"name":"wp","href":"https:\/\/api.w.org\/{rel}","templated":true}]}}